{"id":80662,"date":"2022-06-30T04:33:24","date_gmt":"2022-06-30T07:33:24","guid":{"rendered":"https:\/\/ambflex.com.br\/product\/cuenca-de-contecion-a-medida\/"},"modified":"2022-06-30T04:33:24","modified_gmt":"2022-06-30T07:33:24","slug":"cuenca-de-contecion-a-medida","status":"publish","type":"product","link":"https:\/\/ambflex.com.br\/es\/producto\/cuenca-de-contecion-a-medida\/","title":{"rendered":"CUENCA DE CONTENCI\u00d3N A MEDIDA."},"content":{"rendered":"<p>Las empresas que manejan productos qu\u00edmicos siempre deben tener cuidado al almacenar, transportar o utilizar estos productos, ya que existen leyes que imponen multas y sanciones por cualquier da\u00f1o causado por fugas.<\/p>\n<p>A veces, puede resultar dif\u00edcil encontrar equipos que se ajusten a las medidas adecuadas para las necesidades de cada empresa, sin embargo, esto no puede ser una excusa para no utilizarlos.<\/p>\n<p><strong>Ambflex<\/strong> cuenta con un servicio especializado en la realizaci\u00f3n de proyectos y producci\u00f3n de equipos a medida, para \u00e1reas que requieran contenci\u00f3n de fugas qu\u00edmicas. Nuestros proyectos tienen como objetivo principal la seguridad en las \u00e1reas de almacenamiento y uso de productos que, en caso de fuga, pueden causar da\u00f1os al medio ambiente.<\/p>\n<p>La AMBFLEX, con el objetivo de atender todas las necesidades en cuanto a dispositivos de contenci\u00f3n, tambi\u00e9n trabaja en la producci\u00f3n de bacias de conten\u00e7\u00e3o a medida, de acuerdo con las necesidades y dimensiones.<br \/>\ndebido a la caracter\u00edstica modular de nuestro dispositivo, que permite su personalizaci\u00f3n en cualquier dimensi\u00f3n y cubrir las m\u00e1s diversas \u00e1reas<br \/>\nAMBFLEX produce bacias de conten\u00e7\u00e3o sob medida de acuerdo con las necesidades establecidas por nuestros clientes.<\/p>\n<p>Uno de los grandes diferenciales de <strong>Ambflex<\/strong> es producir productos a medida, seg\u00fan las necesidades de nuestros clientes, sin costo adicional y sin l\u00edmite m\u00ednimo de compra.<\/p>\n<p>De esta manera, su empresa seguir\u00e1 todas las regulaciones, evitando problemas que afecten su entorno y el medio ambiente en general.<\/p>\n<p>Nosotros de Ambflex Sistemas de Contenci\u00f3n Ambiental, somos especialistas en la producci\u00f3n de equipos que buscan atender emergencias relacionadas con productos contaminantes y peligrosos.<\/p>\n<p>Dise\u00f1amos y desarrollamos nuestros productos con el objetivo de prevenir posibles fugas qu\u00edmicas que puedan causar da\u00f1os al medio ambiente, y tambi\u00e9n para actuar en situaciones de emergencia.<\/p>\n<p>Somos una referencia en cuanto a la calidad de los materiales ecol\u00f3gicamente sostenibles utilizados durante la fabricaci\u00f3n de nuestros productos.<\/p>\n<p>Contamos con un equipo t\u00e9cnico calificado para dise\u00f1ar y atender<br \/>\nlas diversas aplicaciones en Sistemas de Contenci\u00f3n, seg\u00fan las necesidades del cliente.<\/p>\n","protected":false},"excerpt":{"rendered":"<p>La AMBFLEX, con el objetivo de atender todas las necesidades en cuanto a dispositivos de contenci\u00f3n, tambi\u00e9n trabaja en la producci\u00f3n de bacias de conten\u00e7\u00e3o a medida, de acuerdo con las necesidades y dimensiones.<br \/>\nlas dimensiones pueden ser establecidas por nuestros clientes, debido a la caracter\u00edstica modular de nuestro dispositivo, lo que permite que sea confeccionado en cualquier medida y atienda a las diversas \u00e1reas.<\/p>\n","protected":false},"featured_media":75935,"comment_status":"open","ping_status":"closed","template":"","meta":[],"product_cat":[454,453],"product_tag":[],"class_list":{"0":"post-80662","1":"product","2":"type-product","3":"status-publish","4":"has-post-thumbnail","6":"product_cat-a-medida","7":"product_cat-anuncios","9":"first","10":"instock","11":"shipping-taxable","12":"product-type-simple","13":"litho-product-3col"},"yoast_head":"<!-- This site is optimized with the Yoast SEO plugin v25.9 - https:\/\/yoast.com\/wordpress\/plugins\/seo\/ -->\n<title>CUENCA DE CONTENCI\u00d3N A MEDIDA. - Ambflex<\/title>\n<meta name=\"robots\" content=\"index, follow, max-snippet:-1, max-image-preview:large, max-video-preview:-1\" \/>\n<link rel=\"canonical\" href=\"https:\/\/ambflex.com.br\/es\/producto\/cuenca-de-contecion-a-medida\/\" \/>\n<meta property=\"og:locale\" content=\"es_ES\" \/>\n<meta property=\"og:type\" content=\"article\" \/>\n<meta property=\"og:title\" content=\"CUENCA DE CONTENCI\u00d3N A MEDIDA. - Ambflex\" \/>\n<meta property=\"og:description\" content=\"La AMBFLEX, con el objetivo de atender todas las necesidades en cuanto a dispositivos de contenci\u00f3n, tambi\u00e9n trabaja en la producci\u00f3n de bacias de conten\u00e7\u00e3o a medida, de acuerdo con las necesidades y dimensiones. las dimensiones pueden ser establecidas por nuestros clientes, debido a la caracter\u00edstica modular de nuestro dispositivo, lo que permite que sea confeccionado en cualquier medida y atienda a las diversas \u00e1reas.\" \/>\n<meta property=\"og:url\" content=\"https:\/\/ambflex.com.br\/es\/producto\/cuenca-de-contecion-a-medida\/\" \/>\n<meta property=\"og:site_name\" content=\"Ambflex\" \/>\n<meta property=\"og:image\" content=\"https:\/\/ambflex.com.br\/wp-content\/uploads\/2022\/06\/sobmedida-1.jpg\" \/>\n\t<meta property=\"og:image:width\" content=\"1080\" \/>\n\t<meta property=\"og:image:height\" content=\"1080\" \/>\n\t<meta property=\"og:image:type\" content=\"image\/jpeg\" \/>\n<meta name=\"twitter:card\" content=\"summary_large_image\" \/>\n<meta name=\"twitter:label1\" content=\"Tiempo de lectura\" \/>\n\t<meta name=\"twitter:data1\" content=\"2 minutos\" \/>\n<script type=\"application\/ld+json\" class=\"yoast-schema-graph\">{\"@context\":\"https:\/\/schema.org\",\"@graph\":[{\"@type\":\"WebPage\",\"@id\":\"https:\/\/ambflex.com.br\/es\/producto\/cuenca-de-contecion-a-medida\/\",\"url\":\"https:\/\/ambflex.com.br\/es\/producto\/cuenca-de-contecion-a-medida\/\",\"name\":\"CUENCA DE CONTENCI\u00d3N A MEDIDA. - Ambflex\",\"isPartOf\":{\"@id\":\"https:\/\/ambflex.com.br\/#website\"},\"primaryImageOfPage\":{\"@id\":\"https:\/\/ambflex.com.br\/es\/producto\/cuenca-de-contecion-a-medida\/#primaryimage\"},\"image\":{\"@id\":\"https:\/\/ambflex.com.br\/es\/producto\/cuenca-de-contecion-a-medida\/#primaryimage\"},\"thumbnailUrl\":\"https:\/\/ambflex.com.br\/wp-content\/uploads\/2022\/06\/sobmedida-1.jpg\",\"datePublished\":\"2022-06-30T07:33:24+00:00\",\"breadcrumb\":{\"@id\":\"https:\/\/ambflex.com.br\/es\/producto\/cuenca-de-contecion-a-medida\/#breadcrumb\"},\"inLanguage\":\"es\",\"potentialAction\":[{\"@type\":\"ReadAction\",\"target\":[\"https:\/\/ambflex.com.br\/es\/producto\/cuenca-de-contecion-a-medida\/\"]}]},{\"@type\":\"ImageObject\",\"inLanguage\":\"es\",\"@id\":\"https:\/\/ambflex.com.br\/es\/producto\/cuenca-de-contecion-a-medida\/#primaryimage\",\"url\":\"https:\/\/ambflex.com.br\/wp-content\/uploads\/2022\/06\/sobmedida-1.jpg\",\"contentUrl\":\"https:\/\/ambflex.com.br\/wp-content\/uploads\/2022\/06\/sobmedida-1.jpg\",\"width\":1080,\"height\":1080,\"caption\":\"Bacia de conten\u00e7\u00e3o\"},{\"@type\":\"BreadcrumbList\",\"@id\":\"https:\/\/ambflex.com.br\/es\/producto\/cuenca-de-contecion-a-medida\/#breadcrumb\",\"itemListElement\":[{\"@type\":\"ListItem\",\"position\":1,\"name\":\"In\u00edcio\",\"item\":\"https:\/\/ambflex.com.br\/es\/\"},{\"@type\":\"ListItem\",\"position\":2,\"name\":\"Productos\",\"item\":\"https:\/\/ambflex.com.br\/es\/shop\/\"},{\"@type\":\"ListItem\",\"position\":3,\"name\":\"CUENCA DE CONTENCI\u00d3N A MEDIDA.\"}]},{\"@type\":\"WebSite\",\"@id\":\"https:\/\/ambflex.com.br\/#website\",\"url\":\"https:\/\/ambflex.com.br\/\",\"name\":\"Ambflex\",\"description\":\"Sistemas de Conten\u00e7\u00e3o Ambiental!\",\"potentialAction\":[{\"@type\":\"SearchAction\",\"target\":{\"@type\":\"EntryPoint\",\"urlTemplate\":\"https:\/\/ambflex.com.br\/?s={search_term_string}\"},\"query-input\":{\"@type\":\"PropertyValueSpecification\",\"valueRequired\":true,\"valueName\":\"search_term_string\"}}],\"inLanguage\":\"es\"}]}<\/script>\n<!-- \/ Yoast SEO plugin. -->","yoast_head_json":{"title":"CUENCA DE CONTENCI\u00d3N A MEDIDA. - Ambflex","robots":{"index":"index","follow":"follow","max-snippet":"max-snippet:-1","max-image-preview":"max-image-preview:large","max-video-preview":"max-video-preview:-1"},"canonical":"https:\/\/ambflex.com.br\/es\/producto\/cuenca-de-contecion-a-medida\/","og_locale":"es_ES","og_type":"article","og_title":"CUENCA DE CONTENCI\u00d3N A MEDIDA. - Ambflex","og_description":"La AMBFLEX, con el objetivo de atender todas las necesidades en cuanto a dispositivos de contenci\u00f3n, tambi\u00e9n trabaja en la producci\u00f3n de bacias de conten\u00e7\u00e3o a medida, de acuerdo con las necesidades y dimensiones. las dimensiones pueden ser establecidas por nuestros clientes, debido a la caracter\u00edstica modular de nuestro dispositivo, lo que permite que sea confeccionado en cualquier medida y atienda a las diversas \u00e1reas.","og_url":"https:\/\/ambflex.com.br\/es\/producto\/cuenca-de-contecion-a-medida\/","og_site_name":"Ambflex","og_image":[{"width":1080,"height":1080,"url":"https:\/\/ambflex.com.br\/wp-content\/uploads\/2022\/06\/sobmedida-1.jpg","type":"image\/jpeg"}],"twitter_card":"summary_large_image","twitter_misc":{"Tiempo de lectura":"2 minutos"},"schema":{"@context":"https:\/\/schema.org","@graph":[{"@type":"WebPage","@id":"https:\/\/ambflex.com.br\/es\/producto\/cuenca-de-contecion-a-medida\/","url":"https:\/\/ambflex.com.br\/es\/producto\/cuenca-de-contecion-a-medida\/","name":"CUENCA DE CONTENCI\u00d3N A MEDIDA. - Ambflex","isPartOf":{"@id":"https:\/\/ambflex.com.br\/#website"},"primaryImageOfPage":{"@id":"https:\/\/ambflex.com.br\/es\/producto\/cuenca-de-contecion-a-medida\/#primaryimage"},"image":{"@id":"https:\/\/ambflex.com.br\/es\/producto\/cuenca-de-contecion-a-medida\/#primaryimage"},"thumbnailUrl":"https:\/\/ambflex.com.br\/wp-content\/uploads\/2022\/06\/sobmedida-1.jpg","datePublished":"2022-06-30T07:33:24+00:00","breadcrumb":{"@id":"https:\/\/ambflex.com.br\/es\/producto\/cuenca-de-contecion-a-medida\/#breadcrumb"},"inLanguage":"es","potentialAction":[{"@type":"ReadAction","target":["https:\/\/ambflex.com.br\/es\/producto\/cuenca-de-contecion-a-medida\/"]}]},{"@type":"ImageObject","inLanguage":"es","@id":"https:\/\/ambflex.com.br\/es\/producto\/cuenca-de-contecion-a-medida\/#primaryimage","url":"https:\/\/ambflex.com.br\/wp-content\/uploads\/2022\/06\/sobmedida-1.jpg","contentUrl":"https:\/\/ambflex.com.br\/wp-content\/uploads\/2022\/06\/sobmedida-1.jpg","width":1080,"height":1080,"caption":"Bacia de conten\u00e7\u00e3o"},{"@type":"BreadcrumbList","@id":"https:\/\/ambflex.com.br\/es\/producto\/cuenca-de-contecion-a-medida\/#breadcrumb","itemListElement":[{"@type":"ListItem","position":1,"name":"In\u00edcio","item":"https:\/\/ambflex.com.br\/es\/"},{"@type":"ListItem","position":2,"name":"Productos","item":"https:\/\/ambflex.com.br\/es\/shop\/"},{"@type":"ListItem","position":3,"name":"CUENCA DE CONTENCI\u00d3N A MEDIDA."}]},{"@type":"WebSite","@id":"https:\/\/ambflex.com.br\/#website","url":"https:\/\/ambflex.com.br\/","name":"Ambflex","description":"Sistemas de Conten\u00e7\u00e3o Ambiental!","potentialAction":[{"@type":"SearchAction","target":{"@type":"EntryPoint","urlTemplate":"https:\/\/ambflex.com.br\/?s={search_term_string}"},"query-input":{"@type":"PropertyValueSpecification","valueRequired":true,"valueName":"search_term_string"}}],"inLanguage":"es"}]}},"_links":{"self":[{"href":"https:\/\/ambflex.com.br\/es\/wp-json\/wp\/v2\/product\/80662","targetHints":{"allow":["GET"]}}],"collection":[{"href":"https:\/\/ambflex.com.br\/es\/wp-json\/wp\/v2\/product"}],"about":[{"href":"https:\/\/ambflex.com.br\/es\/wp-json\/wp\/v2\/types\/product"}],"replies":[{"embeddable":true,"href":"https:\/\/ambflex.com.br\/es\/wp-json\/wp\/v2\/comments?post=80662"}],"wp:featuredmedia":[{"embeddable":true,"href":"https:\/\/ambflex.com.br\/es\/wp-json\/wp\/v2\/media\/75935"}],"wp:attachment":[{"href":"https:\/\/ambflex.com.br\/es\/wp-json\/wp\/v2\/media?parent=80662"}],"wp:term":[{"taxonomy":"product_cat","embeddable":true,"href":"https:\/\/ambflex.com.br\/es\/wp-json\/wp\/v2\/product_cat?post=80662"},{"taxonomy":"product_tag","embeddable":true,"href":"https:\/\/ambflex.com.br\/es\/wp-json\/wp\/v2\/product_tag?post=80662"}],"curies":[{"name":"wp","href":"https:\/\/api.w.org\/{rel}","templated":true}]}}