{"id":80664,"date":"2022-06-30T04:33:24","date_gmt":"2022-06-30T07:33:24","guid":{"rendered":"https:\/\/ambflex.com.br\/product\/caixa-com-tampa-em-pead-15mm-dimensoes-l030m-x-c040m-x-a040m-cap-contencao-48l-103\/"},"modified":"2022-06-30T04:33:24","modified_gmt":"2022-06-30T07:33:24","slug":"caixa-com-tampa-em-pead-15mm-dimensoes-l030m-x-c040m-x-a040m-cap-contencao-48l-103-2","status":"publish","type":"product","link":"https:\/\/ambflex.com.br\/es\/producto\/caixa-com-tampa-em-pead-15mm-dimensoes-l030m-x-c040m-x-a040m-cap-contencao-48l-103-2\/","title":{"rendered":"CAIXA COM TAMPA EM PEAD 1,5MM &#8211; DIMENS\u00d5ES L0,30M X C0,40M X A0,40M | CAP CONTEN\u00c7\u00c3O 48L &#8211; 103"},"content":{"rendered":"<p>CAIXA COM TAMPA EM PEAD 1,5MM &#8211; DIMENS\u00d5ES L0,30M X C0,40M X A0,40M | CAP CONTEN\u00c7\u00c3O 48L<\/p>\n<p>Recomendado para la contenci\u00f3n de residuos peligrosos, como aceites, grasas o trapos contaminados, contener peque\u00f1as filtraciones, almacenar recipientes con productos qu\u00edmicos, realizar mantenimiento mec\u00e1nico diverso, acciones de prevenci\u00f3n en puntos sensibles de sistemas hidr\u00e1ulicos, eliminaci\u00f3n de materiales contaminados, entre otras utilidades dentro de una industria.<\/p>\n<p>La caja de contenci\u00f3n se puede utilizar como barreras f\u00edsicas que impiden el flujo de productos en ambientes internos y externos, en el suelo y, con ello, evitan procesos de contaminaci\u00f3n.<\/p>\n<p>Fabricada en PEAD de alta densidad, la <strong>Caja de Contenci\u00f3n<\/strong> cuenta con una alta resistencia qu\u00edmica y bajo costo de adquisici\u00f3n, adem\u00e1s de ser un producto extremadamente ligero y f\u00e1cil de transportar.<\/p>\n<p>Fabricante: Ambflex<\/p>\n<p>&nbsp;<\/p>\n<p>&nbsp;<\/p>\n","protected":false},"excerpt":{"rendered":"<p>Recomendado para la contenci\u00f3n de residuos peligrosos, como aceites, grasas o trapos contaminados, contener peque\u00f1as filtraciones, almacenar recipientes con productos qu\u00edmicos, realizar mantenimiento mec\u00e1nico diverso, acciones de prevenci\u00f3n en puntos sensibles de sistemas hidr\u00e1ulicos, eliminaci\u00f3n de materiales contaminados, entre otras utilidades dentro de una industria.<\/p>\n","protected":false},"featured_media":75933,"comment_status":"open","ping_status":"closed","template":"","meta":[],"product_cat":[92],"product_tag":[],"class_list":{"0":"post-80664","1":"product","2":"type-product","3":"status-publish","4":"has-post-thumbnail","6":"product_cat-pequeno-porte","8":"first","9":"instock","10":"shipping-taxable","11":"product-type-simple","12":"litho-product-3col"},"yoast_head":"<!-- This site is optimized with the Yoast SEO plugin v25.9 - https:\/\/yoast.com\/wordpress\/plugins\/seo\/ -->\n<title>CAIXA COM TAMPA EM PEAD 1,5MM - DIMENS\u00d5ES L0,30M X C0,40M X A0,40M | CAP CONTEN\u00c7\u00c3O 48L - 103 - Ambflex<\/title>\n<meta name=\"robots\" content=\"index, follow, max-snippet:-1, max-image-preview:large, max-video-preview:-1\" \/>\n<link rel=\"canonical\" href=\"https:\/\/ambflex.com.br\/es\/producto\/caixa-com-tampa-em-pead-15mm-dimensoes-l030m-x-c040m-x-a040m-cap-contencao-48l-103-2\/\" \/>\n<meta property=\"og:locale\" content=\"es_ES\" \/>\n<meta property=\"og:type\" content=\"article\" \/>\n<meta property=\"og:title\" content=\"CAIXA COM TAMPA EM PEAD 1,5MM - DIMENS\u00d5ES L0,30M X C0,40M X A0,40M | CAP CONTEN\u00c7\u00c3O 48L - 103 - Ambflex\" \/>\n<meta property=\"og:description\" content=\"Recomendado para la contenci\u00f3n de residuos peligrosos, como aceites, grasas o trapos contaminados, contener peque\u00f1as filtraciones, almacenar recipientes con productos qu\u00edmicos, realizar mantenimiento mec\u00e1nico diverso, acciones de prevenci\u00f3n en puntos sensibles de sistemas hidr\u00e1ulicos, eliminaci\u00f3n de materiales contaminados, entre otras utilidades dentro de una industria.\" \/>\n<meta property=\"og:url\" content=\"https:\/\/ambflex.com.br\/es\/producto\/caixa-com-tampa-em-pead-15mm-dimensoes-l030m-x-c040m-x-a040m-cap-contencao-48l-103-2\/\" \/>\n<meta property=\"og:site_name\" content=\"Ambflex\" \/>\n<meta property=\"og:image\" content=\"https:\/\/ambflex.com.br\/wp-content\/uploads\/2022\/06\/103-caixa-com-tampa-em-pead.jpeg\" \/>\n\t<meta property=\"og:image:width\" content=\"1080\" \/>\n\t<meta property=\"og:image:height\" content=\"1080\" \/>\n\t<meta property=\"og:image:type\" content=\"image\/jpeg\" \/>\n<meta name=\"twitter:card\" content=\"summary_large_image\" \/>\n<meta name=\"twitter:label1\" content=\"Tiempo de lectura\" \/>\n\t<meta name=\"twitter:data1\" content=\"1 minuto\" \/>\n<script type=\"application\/ld+json\" class=\"yoast-schema-graph\">{\"@context\":\"https:\/\/schema.org\",\"@graph\":[{\"@type\":\"WebPage\",\"@id\":\"https:\/\/ambflex.com.br\/es\/producto\/caixa-com-tampa-em-pead-15mm-dimensoes-l030m-x-c040m-x-a040m-cap-contencao-48l-103-2\/\",\"url\":\"https:\/\/ambflex.com.br\/es\/producto\/caixa-com-tampa-em-pead-15mm-dimensoes-l030m-x-c040m-x-a040m-cap-contencao-48l-103-2\/\",\"name\":\"CAIXA COM TAMPA EM PEAD 1,5MM - DIMENS\u00d5ES L0,30M X C0,40M X A0,40M | CAP CONTEN\u00c7\u00c3O 48L - 103 - Ambflex\",\"isPartOf\":{\"@id\":\"https:\/\/ambflex.com.br\/#website\"},\"primaryImageOfPage\":{\"@id\":\"https:\/\/ambflex.com.br\/es\/producto\/caixa-com-tampa-em-pead-15mm-dimensoes-l030m-x-c040m-x-a040m-cap-contencao-48l-103-2\/#primaryimage\"},\"image\":{\"@id\":\"https:\/\/ambflex.com.br\/es\/producto\/caixa-com-tampa-em-pead-15mm-dimensoes-l030m-x-c040m-x-a040m-cap-contencao-48l-103-2\/#primaryimage\"},\"thumbnailUrl\":\"https:\/\/ambflex.com.br\/wp-content\/uploads\/2022\/06\/103-caixa-com-tampa-em-pead.jpeg\",\"datePublished\":\"2022-06-30T07:33:24+00:00\",\"breadcrumb\":{\"@id\":\"https:\/\/ambflex.com.br\/es\/producto\/caixa-com-tampa-em-pead-15mm-dimensoes-l030m-x-c040m-x-a040m-cap-contencao-48l-103-2\/#breadcrumb\"},\"inLanguage\":\"es\",\"potentialAction\":[{\"@type\":\"ReadAction\",\"target\":[\"https:\/\/ambflex.com.br\/es\/producto\/caixa-com-tampa-em-pead-15mm-dimensoes-l030m-x-c040m-x-a040m-cap-contencao-48l-103-2\/\"]}]},{\"@type\":\"ImageObject\",\"inLanguage\":\"es\",\"@id\":\"https:\/\/ambflex.com.br\/es\/producto\/caixa-com-tampa-em-pead-15mm-dimensoes-l030m-x-c040m-x-a040m-cap-contencao-48l-103-2\/#primaryimage\",\"url\":\"https:\/\/ambflex.com.br\/wp-content\/uploads\/2022\/06\/103-caixa-com-tampa-em-pead.jpeg\",\"contentUrl\":\"https:\/\/ambflex.com.br\/wp-content\/uploads\/2022\/06\/103-caixa-com-tampa-em-pead.jpeg\",\"width\":1080,\"height\":1080,\"caption\":\"Caixa com tampa\"},{\"@type\":\"BreadcrumbList\",\"@id\":\"https:\/\/ambflex.com.br\/es\/producto\/caixa-com-tampa-em-pead-15mm-dimensoes-l030m-x-c040m-x-a040m-cap-contencao-48l-103-2\/#breadcrumb\",\"itemListElement\":[{\"@type\":\"ListItem\",\"position\":1,\"name\":\"In\u00edcio\",\"item\":\"https:\/\/ambflex.com.br\/es\/\"},{\"@type\":\"ListItem\",\"position\":2,\"name\":\"Productos\",\"item\":\"https:\/\/ambflex.com.br\/es\/shop\/\"},{\"@type\":\"ListItem\",\"position\":3,\"name\":\"CAIXA COM TAMPA EM PEAD 1,5MM &#8211; DIMENS\u00d5ES L0,30M X C0,40M X A0,40M | CAP CONTEN\u00c7\u00c3O 48L &#8211; 103\"}]},{\"@type\":\"WebSite\",\"@id\":\"https:\/\/ambflex.com.br\/#website\",\"url\":\"https:\/\/ambflex.com.br\/\",\"name\":\"Ambflex\",\"description\":\"Sistemas de Conten\u00e7\u00e3o Ambiental!\",\"potentialAction\":[{\"@type\":\"SearchAction\",\"target\":{\"@type\":\"EntryPoint\",\"urlTemplate\":\"https:\/\/ambflex.com.br\/?s={search_term_string}\"},\"query-input\":{\"@type\":\"PropertyValueSpecification\",\"valueRequired\":true,\"valueName\":\"search_term_string\"}}],\"inLanguage\":\"es\"}]}<\/script>\n<!-- \/ Yoast SEO plugin. -->","yoast_head_json":{"title":"CAIXA COM TAMPA EM PEAD 1,5MM - DIMENS\u00d5ES L0,30M X C0,40M X A0,40M | CAP CONTEN\u00c7\u00c3O 48L - 103 - Ambflex","robots":{"index":"index","follow":"follow","max-snippet":"max-snippet:-1","max-image-preview":"max-image-preview:large","max-video-preview":"max-video-preview:-1"},"canonical":"https:\/\/ambflex.com.br\/es\/producto\/caixa-com-tampa-em-pead-15mm-dimensoes-l030m-x-c040m-x-a040m-cap-contencao-48l-103-2\/","og_locale":"es_ES","og_type":"article","og_title":"CAIXA COM TAMPA EM PEAD 1,5MM - DIMENS\u00d5ES L0,30M X C0,40M X A0,40M | CAP CONTEN\u00c7\u00c3O 48L - 103 - Ambflex","og_description":"Recomendado para la contenci\u00f3n de residuos peligrosos, como aceites, grasas o trapos contaminados, contener peque\u00f1as filtraciones, almacenar recipientes con productos qu\u00edmicos, realizar mantenimiento mec\u00e1nico diverso, acciones de prevenci\u00f3n en puntos sensibles de sistemas hidr\u00e1ulicos, eliminaci\u00f3n de materiales contaminados, entre otras utilidades dentro de una industria.","og_url":"https:\/\/ambflex.com.br\/es\/producto\/caixa-com-tampa-em-pead-15mm-dimensoes-l030m-x-c040m-x-a040m-cap-contencao-48l-103-2\/","og_site_name":"Ambflex","og_image":[{"width":1080,"height":1080,"url":"https:\/\/ambflex.com.br\/wp-content\/uploads\/2022\/06\/103-caixa-com-tampa-em-pead.jpeg","type":"image\/jpeg"}],"twitter_card":"summary_large_image","twitter_misc":{"Tiempo de lectura":"1 minuto"},"schema":{"@context":"https:\/\/schema.org","@graph":[{"@type":"WebPage","@id":"https:\/\/ambflex.com.br\/es\/producto\/caixa-com-tampa-em-pead-15mm-dimensoes-l030m-x-c040m-x-a040m-cap-contencao-48l-103-2\/","url":"https:\/\/ambflex.com.br\/es\/producto\/caixa-com-tampa-em-pead-15mm-dimensoes-l030m-x-c040m-x-a040m-cap-contencao-48l-103-2\/","name":"CAIXA COM TAMPA EM PEAD 1,5MM - DIMENS\u00d5ES L0,30M X C0,40M X A0,40M | CAP CONTEN\u00c7\u00c3O 48L - 103 - Ambflex","isPartOf":{"@id":"https:\/\/ambflex.com.br\/#website"},"primaryImageOfPage":{"@id":"https:\/\/ambflex.com.br\/es\/producto\/caixa-com-tampa-em-pead-15mm-dimensoes-l030m-x-c040m-x-a040m-cap-contencao-48l-103-2\/#primaryimage"},"image":{"@id":"https:\/\/ambflex.com.br\/es\/producto\/caixa-com-tampa-em-pead-15mm-dimensoes-l030m-x-c040m-x-a040m-cap-contencao-48l-103-2\/#primaryimage"},"thumbnailUrl":"https:\/\/ambflex.com.br\/wp-content\/uploads\/2022\/06\/103-caixa-com-tampa-em-pead.jpeg","datePublished":"2022-06-30T07:33:24+00:00","breadcrumb":{"@id":"https:\/\/ambflex.com.br\/es\/producto\/caixa-com-tampa-em-pead-15mm-dimensoes-l030m-x-c040m-x-a040m-cap-contencao-48l-103-2\/#breadcrumb"},"inLanguage":"es","potentialAction":[{"@type":"ReadAction","target":["https:\/\/ambflex.com.br\/es\/producto\/caixa-com-tampa-em-pead-15mm-dimensoes-l030m-x-c040m-x-a040m-cap-contencao-48l-103-2\/"]}]},{"@type":"ImageObject","inLanguage":"es","@id":"https:\/\/ambflex.com.br\/es\/producto\/caixa-com-tampa-em-pead-15mm-dimensoes-l030m-x-c040m-x-a040m-cap-contencao-48l-103-2\/#primaryimage","url":"https:\/\/ambflex.com.br\/wp-content\/uploads\/2022\/06\/103-caixa-com-tampa-em-pead.jpeg","contentUrl":"https:\/\/ambflex.com.br\/wp-content\/uploads\/2022\/06\/103-caixa-com-tampa-em-pead.jpeg","width":1080,"height":1080,"caption":"Caixa com tampa"},{"@type":"BreadcrumbList","@id":"https:\/\/ambflex.com.br\/es\/producto\/caixa-com-tampa-em-pead-15mm-dimensoes-l030m-x-c040m-x-a040m-cap-contencao-48l-103-2\/#breadcrumb","itemListElement":[{"@type":"ListItem","position":1,"name":"In\u00edcio","item":"https:\/\/ambflex.com.br\/es\/"},{"@type":"ListItem","position":2,"name":"Productos","item":"https:\/\/ambflex.com.br\/es\/shop\/"},{"@type":"ListItem","position":3,"name":"CAIXA COM TAMPA EM PEAD 1,5MM &#8211; DIMENS\u00d5ES L0,30M X C0,40M X A0,40M | CAP CONTEN\u00c7\u00c3O 48L &#8211; 103"}]},{"@type":"WebSite","@id":"https:\/\/ambflex.com.br\/#website","url":"https:\/\/ambflex.com.br\/","name":"Ambflex","description":"Sistemas de Conten\u00e7\u00e3o Ambiental!","potentialAction":[{"@type":"SearchAction","target":{"@type":"EntryPoint","urlTemplate":"https:\/\/ambflex.com.br\/?s={search_term_string}"},"query-input":{"@type":"PropertyValueSpecification","valueRequired":true,"valueName":"search_term_string"}}],"inLanguage":"es"}]}},"_links":{"self":[{"href":"https:\/\/ambflex.com.br\/es\/wp-json\/wp\/v2\/product\/80664","targetHints":{"allow":["GET"]}}],"collection":[{"href":"https:\/\/ambflex.com.br\/es\/wp-json\/wp\/v2\/product"}],"about":[{"href":"https:\/\/ambflex.com.br\/es\/wp-json\/wp\/v2\/types\/product"}],"replies":[{"embeddable":true,"href":"https:\/\/ambflex.com.br\/es\/wp-json\/wp\/v2\/comments?post=80664"}],"wp:featuredmedia":[{"embeddable":true,"href":"https:\/\/ambflex.com.br\/es\/wp-json\/wp\/v2\/media\/75933"}],"wp:attachment":[{"href":"https:\/\/ambflex.com.br\/es\/wp-json\/wp\/v2\/media?parent=80664"}],"wp:term":[{"taxonomy":"product_cat","embeddable":true,"href":"https:\/\/ambflex.com.br\/es\/wp-json\/wp\/v2\/product_cat?post=80664"},{"taxonomy":"product_tag","embeddable":true,"href":"https:\/\/ambflex.com.br\/es\/wp-json\/wp\/v2\/product_tag?post=80664"}],"curies":[{"name":"wp","href":"https:\/\/api.w.org\/{rel}","templated":true}]}}