{"id":80665,"date":"2022-06-30T04:33:24","date_gmt":"2022-06-30T07:33:24","guid":{"rendered":"https:\/\/ambflex.com.br\/product\/bacia-de-contencao-em-pead-15mm-com-1-estrado-dimensoes-c060m-x-l070m-x-a015m-cap-contencao-38l-102\/"},"modified":"2022-06-30T04:33:24","modified_gmt":"2022-06-30T07:33:24","slug":"bacia-de-contencao-em-pead-15mm-com-1-estrado-dimensoes-c060m-x-l070m-x-a015m-cap-contencao-38l-102-2","status":"publish","type":"product","link":"https:\/\/ambflex.com.br\/es\/producto\/bacia-de-contencao-em-pead-15mm-com-1-estrado-dimensoes-c060m-x-l070m-x-a015m-cap-contencao-38l-102-2\/","title":{"rendered":"BANDEJA DE CONTENCI\u00d3N EN PEAD 1,5 MM CON 1 ESTRADO &#8211; DIMENSIONES C0,60M X L0,70M X A0,15M | CAPACIDAD DE CONTENCI\u00d3N 38L &#8211; 102"},"content":{"rendered":"<p>BANDEJA DE CONTENCI\u00d3N EN PEAD 1,5 MM CON 1 ESTRADO &#8211; DIMENSIONES C0,60M X L0,70M X A0,15M | CAPACIDAD DE CONTENCI\u00d3N 38L<\/p>\n<p>La <strong>Bandeja de Contenci\u00f3n de Peque\u00f1o Tama\u00f1o<\/strong> es un producto de alta calidad y tecnolog\u00eda avanzada, desarrollado y fabricado por <strong>Ambflex<\/strong> para contener el derrame o vertido de productos qu\u00edmicos perjudiciales para la salud humana y responsables de la degradaci\u00f3n del medio ambiente.<\/p>\n<p>Hecha de material de polietileno, la <strong>Bacia de Conten\u00e7\u00e3o de Pequeno Porte<\/strong> combina alta resistencia qu\u00edmica y mec\u00e1nica con bajo costo. Con su estructura ligera, la Bandeja de Contenci\u00f3n tambi\u00e9n ofrece una garant\u00eda de larga durabilidad del producto.<\/p>\n<p>El producto garantiza un total soporte en atenciones y llamados de emergencia que requieran acciones de contenci\u00f3n de sustancias qu\u00edmicas. Adem\u00e1s, se realizan acciones que buscan prevenir la incidencia de fugas en diversas situaciones.<\/p>\n<p>Viene con una base de PEAD para uso interno de la bacia.<\/p>\n<p>Tamb\u00e9m fabricamos as bacias de conten\u00e7\u00e3o personalizadas e customizadas de acordo com o tamanho desejado e com a necessidade do cliente.<\/p>\n<p>Las bandejas de peque\u00f1o tama\u00f1o pueden ser utilizadas para descontaminar \u00e1reas en casos de emergencia qu\u00edmica, para la contenci\u00f3n de diversos tipos de fugas, para la prevenci\u00f3n, almacenamiento y acondicionamiento de productos qu\u00edmicos.<\/p>\n<p>Fabricante: Ambflex<\/p>\n<ul>\n<li>El producto viene con estrado<\/li>\n<\/ul>\n<p>&nbsp;<\/p>\n","protected":false},"excerpt":{"rendered":"<p>Es un producto que proporciona una facilidad extrema para el transporte y que ayuda a evitar las ocurrencias de accidentes laborales y, consecuentemente, la degradaci\u00f3n del medio ambiente y los perjuicios financieros con la p\u00e9rdida de productos.<\/p>\n","protected":false},"featured_media":75927,"comment_status":"open","ping_status":"closed","template":"","meta":[],"product_cat":[455],"product_tag":[],"class_list":{"0":"post-80665","1":"product","2":"type-product","3":"status-publish","4":"has-post-thumbnail","6":"product_cat-tamano-pequeno","8":"first","9":"instock","10":"shipping-taxable","11":"product-type-simple","12":"litho-product-3col"},"yoast_head":"<!-- This site is optimized with the Yoast SEO plugin v25.9 - https:\/\/yoast.com\/wordpress\/plugins\/seo\/ -->\n<title>BANDEJA DE CONTENCI\u00d3N EN PEAD 1,5 MM CON 1 ESTRADO - DIMENSIONES C0,60M X L0,70M X A0,15M | CAPACIDAD DE CONTENCI\u00d3N 38L - 102 - Ambflex<\/title>\n<meta name=\"robots\" content=\"index, follow, max-snippet:-1, max-image-preview:large, max-video-preview:-1\" \/>\n<link rel=\"canonical\" href=\"https:\/\/ambflex.com.br\/es\/producto\/bacia-de-contencao-em-pead-15mm-com-1-estrado-dimensoes-c060m-x-l070m-x-a015m-cap-contencao-38l-102-2\/\" \/>\n<meta property=\"og:locale\" content=\"es_ES\" \/>\n<meta property=\"og:type\" content=\"article\" \/>\n<meta property=\"og:title\" content=\"BANDEJA DE CONTENCI\u00d3N EN PEAD 1,5 MM CON 1 ESTRADO - DIMENSIONES C0,60M X L0,70M X A0,15M | CAPACIDAD DE CONTENCI\u00d3N 38L - 102 - Ambflex\" \/>\n<meta property=\"og:description\" content=\"Es un producto que proporciona una facilidad extrema para el transporte y que ayuda a evitar las ocurrencias de accidentes laborales y, consecuentemente, la degradaci\u00f3n del medio ambiente y los perjuicios financieros con la p\u00e9rdida de productos.\" \/>\n<meta property=\"og:url\" content=\"https:\/\/ambflex.com.br\/es\/producto\/bacia-de-contencao-em-pead-15mm-com-1-estrado-dimensoes-c060m-x-l070m-x-a015m-cap-contencao-38l-102-2\/\" \/>\n<meta property=\"og:site_name\" content=\"Ambflex\" \/>\n<meta property=\"og:image\" content=\"https:\/\/ambflex.com.br\/wp-content\/uploads\/2022\/06\/102-bacia-de-contencao.jpeg\" \/>\n\t<meta property=\"og:image:width\" content=\"1080\" \/>\n\t<meta property=\"og:image:height\" content=\"1080\" \/>\n\t<meta property=\"og:image:type\" content=\"image\/jpeg\" \/>\n<meta name=\"twitter:card\" content=\"summary_large_image\" \/>\n<meta name=\"twitter:label1\" content=\"Tiempo de lectura\" \/>\n\t<meta name=\"twitter:data1\" content=\"1 minuto\" \/>\n<script type=\"application\/ld+json\" class=\"yoast-schema-graph\">{\"@context\":\"https:\/\/schema.org\",\"@graph\":[{\"@type\":\"WebPage\",\"@id\":\"https:\/\/ambflex.com.br\/es\/producto\/bacia-de-contencao-em-pead-15mm-com-1-estrado-dimensoes-c060m-x-l070m-x-a015m-cap-contencao-38l-102-2\/\",\"url\":\"https:\/\/ambflex.com.br\/es\/producto\/bacia-de-contencao-em-pead-15mm-com-1-estrado-dimensoes-c060m-x-l070m-x-a015m-cap-contencao-38l-102-2\/\",\"name\":\"BANDEJA DE CONTENCI\u00d3N EN PEAD 1,5 MM CON 1 ESTRADO - DIMENSIONES C0,60M X L0,70M X A0,15M | CAPACIDAD DE CONTENCI\u00d3N 38L - 102 - Ambflex\",\"isPartOf\":{\"@id\":\"https:\/\/ambflex.com.br\/#website\"},\"primaryImageOfPage\":{\"@id\":\"https:\/\/ambflex.com.br\/es\/producto\/bacia-de-contencao-em-pead-15mm-com-1-estrado-dimensoes-c060m-x-l070m-x-a015m-cap-contencao-38l-102-2\/#primaryimage\"},\"image\":{\"@id\":\"https:\/\/ambflex.com.br\/es\/producto\/bacia-de-contencao-em-pead-15mm-com-1-estrado-dimensoes-c060m-x-l070m-x-a015m-cap-contencao-38l-102-2\/#primaryimage\"},\"thumbnailUrl\":\"https:\/\/ambflex.com.br\/wp-content\/uploads\/2022\/06\/102-bacia-de-contencao.jpeg\",\"datePublished\":\"2022-06-30T07:33:24+00:00\",\"breadcrumb\":{\"@id\":\"https:\/\/ambflex.com.br\/es\/producto\/bacia-de-contencao-em-pead-15mm-com-1-estrado-dimensoes-c060m-x-l070m-x-a015m-cap-contencao-38l-102-2\/#breadcrumb\"},\"inLanguage\":\"es\",\"potentialAction\":[{\"@type\":\"ReadAction\",\"target\":[\"https:\/\/ambflex.com.br\/es\/producto\/bacia-de-contencao-em-pead-15mm-com-1-estrado-dimensoes-c060m-x-l070m-x-a015m-cap-contencao-38l-102-2\/\"]}]},{\"@type\":\"ImageObject\",\"inLanguage\":\"es\",\"@id\":\"https:\/\/ambflex.com.br\/es\/producto\/bacia-de-contencao-em-pead-15mm-com-1-estrado-dimensoes-c060m-x-l070m-x-a015m-cap-contencao-38l-102-2\/#primaryimage\",\"url\":\"https:\/\/ambflex.com.br\/wp-content\/uploads\/2022\/06\/102-bacia-de-contencao.jpeg\",\"contentUrl\":\"https:\/\/ambflex.com.br\/wp-content\/uploads\/2022\/06\/102-bacia-de-contencao.jpeg\",\"width\":1080,\"height\":1080,\"caption\":\"Bacia de conten\u00e7\u00e3o\"},{\"@type\":\"BreadcrumbList\",\"@id\":\"https:\/\/ambflex.com.br\/es\/producto\/bacia-de-contencao-em-pead-15mm-com-1-estrado-dimensoes-c060m-x-l070m-x-a015m-cap-contencao-38l-102-2\/#breadcrumb\",\"itemListElement\":[{\"@type\":\"ListItem\",\"position\":1,\"name\":\"In\u00edcio\",\"item\":\"https:\/\/ambflex.com.br\/es\/\"},{\"@type\":\"ListItem\",\"position\":2,\"name\":\"Productos\",\"item\":\"https:\/\/ambflex.com.br\/es\/shop\/\"},{\"@type\":\"ListItem\",\"position\":3,\"name\":\"BANDEJA DE CONTENCI\u00d3N EN PEAD 1,5 MM CON 1 ESTRADO &#8211; DIMENSIONES C0,60M X L0,70M X A0,15M | CAPACIDAD DE CONTENCI\u00d3N 38L &#8211; 102\"}]},{\"@type\":\"WebSite\",\"@id\":\"https:\/\/ambflex.com.br\/#website\",\"url\":\"https:\/\/ambflex.com.br\/\",\"name\":\"Ambflex\",\"description\":\"Sistemas de Conten\u00e7\u00e3o Ambiental!\",\"potentialAction\":[{\"@type\":\"SearchAction\",\"target\":{\"@type\":\"EntryPoint\",\"urlTemplate\":\"https:\/\/ambflex.com.br\/?s={search_term_string}\"},\"query-input\":{\"@type\":\"PropertyValueSpecification\",\"valueRequired\":true,\"valueName\":\"search_term_string\"}}],\"inLanguage\":\"es\"}]}<\/script>\n<!-- \/ Yoast SEO plugin. -->","yoast_head_json":{"title":"BANDEJA DE CONTENCI\u00d3N EN PEAD 1,5 MM CON 1 ESTRADO - DIMENSIONES C0,60M X L0,70M X A0,15M | CAPACIDAD DE CONTENCI\u00d3N 38L - 102 - Ambflex","robots":{"index":"index","follow":"follow","max-snippet":"max-snippet:-1","max-image-preview":"max-image-preview:large","max-video-preview":"max-video-preview:-1"},"canonical":"https:\/\/ambflex.com.br\/es\/producto\/bacia-de-contencao-em-pead-15mm-com-1-estrado-dimensoes-c060m-x-l070m-x-a015m-cap-contencao-38l-102-2\/","og_locale":"es_ES","og_type":"article","og_title":"BANDEJA DE CONTENCI\u00d3N EN PEAD 1,5 MM CON 1 ESTRADO - DIMENSIONES C0,60M X L0,70M X A0,15M | CAPACIDAD DE CONTENCI\u00d3N 38L - 102 - Ambflex","og_description":"Es un producto que proporciona una facilidad extrema para el transporte y que ayuda a evitar las ocurrencias de accidentes laborales y, consecuentemente, la degradaci\u00f3n del medio ambiente y los perjuicios financieros con la p\u00e9rdida de productos.","og_url":"https:\/\/ambflex.com.br\/es\/producto\/bacia-de-contencao-em-pead-15mm-com-1-estrado-dimensoes-c060m-x-l070m-x-a015m-cap-contencao-38l-102-2\/","og_site_name":"Ambflex","og_image":[{"width":1080,"height":1080,"url":"https:\/\/ambflex.com.br\/wp-content\/uploads\/2022\/06\/102-bacia-de-contencao.jpeg","type":"image\/jpeg"}],"twitter_card":"summary_large_image","twitter_misc":{"Tiempo de lectura":"1 minuto"},"schema":{"@context":"https:\/\/schema.org","@graph":[{"@type":"WebPage","@id":"https:\/\/ambflex.com.br\/es\/producto\/bacia-de-contencao-em-pead-15mm-com-1-estrado-dimensoes-c060m-x-l070m-x-a015m-cap-contencao-38l-102-2\/","url":"https:\/\/ambflex.com.br\/es\/producto\/bacia-de-contencao-em-pead-15mm-com-1-estrado-dimensoes-c060m-x-l070m-x-a015m-cap-contencao-38l-102-2\/","name":"BANDEJA DE CONTENCI\u00d3N EN PEAD 1,5 MM CON 1 ESTRADO - DIMENSIONES C0,60M X L0,70M X A0,15M | CAPACIDAD DE CONTENCI\u00d3N 38L - 102 - Ambflex","isPartOf":{"@id":"https:\/\/ambflex.com.br\/#website"},"primaryImageOfPage":{"@id":"https:\/\/ambflex.com.br\/es\/producto\/bacia-de-contencao-em-pead-15mm-com-1-estrado-dimensoes-c060m-x-l070m-x-a015m-cap-contencao-38l-102-2\/#primaryimage"},"image":{"@id":"https:\/\/ambflex.com.br\/es\/producto\/bacia-de-contencao-em-pead-15mm-com-1-estrado-dimensoes-c060m-x-l070m-x-a015m-cap-contencao-38l-102-2\/#primaryimage"},"thumbnailUrl":"https:\/\/ambflex.com.br\/wp-content\/uploads\/2022\/06\/102-bacia-de-contencao.jpeg","datePublished":"2022-06-30T07:33:24+00:00","breadcrumb":{"@id":"https:\/\/ambflex.com.br\/es\/producto\/bacia-de-contencao-em-pead-15mm-com-1-estrado-dimensoes-c060m-x-l070m-x-a015m-cap-contencao-38l-102-2\/#breadcrumb"},"inLanguage":"es","potentialAction":[{"@type":"ReadAction","target":["https:\/\/ambflex.com.br\/es\/producto\/bacia-de-contencao-em-pead-15mm-com-1-estrado-dimensoes-c060m-x-l070m-x-a015m-cap-contencao-38l-102-2\/"]}]},{"@type":"ImageObject","inLanguage":"es","@id":"https:\/\/ambflex.com.br\/es\/producto\/bacia-de-contencao-em-pead-15mm-com-1-estrado-dimensoes-c060m-x-l070m-x-a015m-cap-contencao-38l-102-2\/#primaryimage","url":"https:\/\/ambflex.com.br\/wp-content\/uploads\/2022\/06\/102-bacia-de-contencao.jpeg","contentUrl":"https:\/\/ambflex.com.br\/wp-content\/uploads\/2022\/06\/102-bacia-de-contencao.jpeg","width":1080,"height":1080,"caption":"Bacia de conten\u00e7\u00e3o"},{"@type":"BreadcrumbList","@id":"https:\/\/ambflex.com.br\/es\/producto\/bacia-de-contencao-em-pead-15mm-com-1-estrado-dimensoes-c060m-x-l070m-x-a015m-cap-contencao-38l-102-2\/#breadcrumb","itemListElement":[{"@type":"ListItem","position":1,"name":"In\u00edcio","item":"https:\/\/ambflex.com.br\/es\/"},{"@type":"ListItem","position":2,"name":"Productos","item":"https:\/\/ambflex.com.br\/es\/shop\/"},{"@type":"ListItem","position":3,"name":"BANDEJA DE CONTENCI\u00d3N EN PEAD 1,5 MM CON 1 ESTRADO &#8211; DIMENSIONES C0,60M X L0,70M X A0,15M | CAPACIDAD DE CONTENCI\u00d3N 38L &#8211; 102"}]},{"@type":"WebSite","@id":"https:\/\/ambflex.com.br\/#website","url":"https:\/\/ambflex.com.br\/","name":"Ambflex","description":"Sistemas de Conten\u00e7\u00e3o Ambiental!","potentialAction":[{"@type":"SearchAction","target":{"@type":"EntryPoint","urlTemplate":"https:\/\/ambflex.com.br\/?s={search_term_string}"},"query-input":{"@type":"PropertyValueSpecification","valueRequired":true,"valueName":"search_term_string"}}],"inLanguage":"es"}]}},"_links":{"self":[{"href":"https:\/\/ambflex.com.br\/es\/wp-json\/wp\/v2\/product\/80665","targetHints":{"allow":["GET"]}}],"collection":[{"href":"https:\/\/ambflex.com.br\/es\/wp-json\/wp\/v2\/product"}],"about":[{"href":"https:\/\/ambflex.com.br\/es\/wp-json\/wp\/v2\/types\/product"}],"replies":[{"embeddable":true,"href":"https:\/\/ambflex.com.br\/es\/wp-json\/wp\/v2\/comments?post=80665"}],"wp:featuredmedia":[{"embeddable":true,"href":"https:\/\/ambflex.com.br\/es\/wp-json\/wp\/v2\/media\/75927"}],"wp:attachment":[{"href":"https:\/\/ambflex.com.br\/es\/wp-json\/wp\/v2\/media?parent=80665"}],"wp:term":[{"taxonomy":"product_cat","embeddable":true,"href":"https:\/\/ambflex.com.br\/es\/wp-json\/wp\/v2\/product_cat?post=80665"},{"taxonomy":"product_tag","embeddable":true,"href":"https:\/\/ambflex.com.br\/es\/wp-json\/wp\/v2\/product_tag?post=80665"}],"curies":[{"name":"wp","href":"https:\/\/api.w.org\/{rel}","templated":true}]}}