{"id":80670,"date":"2022-06-30T04:33:03","date_gmt":"2022-06-30T07:33:03","guid":{"rendered":"https:\/\/ambflex.com.br\/product\/bandeja-de-contencion-em-pead-15mm-para-2-ibcs-dimensiones-l140m-x-c270m-x-a030m-cap-contencion-1134l-403\/"},"modified":"2022-06-30T04:33:03","modified_gmt":"2022-06-30T07:33:03","slug":"bandeja-de-contencion-em-pead-15mm-para-2-ibcs-dimensiones-l140m-x-c270m-x-a030m-cap-contencion-1134l-403","status":"publish","type":"product","link":"https:\/\/ambflex.com.br\/es\/producto\/bandeja-de-contencion-em-pead-15mm-para-2-ibcs-dimensiones-l140m-x-c270m-x-a030m-cap-contencion-1134l-403\/","title":{"rendered":"BANDEJA DE CONTENCI\u00d3N EN PEAD DE 1,5MM PARA 2 IBC\u00b4S &#8211; DIMENSIONES L1,40M X C2,70M X A0,30M | CAP CONTENCI\u00d3N 1134L &#8211; 403"},"content":{"rendered":"<p>BANDEJA DE CONTENCI\u00d3N EN PEAD DE 1,5MM PARA 2 IBC\u00b4S &#8211; DIMENSIONES L1,40M X C2,70M X A0,30M | CAP CONTENCI\u00d3N 1134L<\/p>\n<p>El Bandeja de Contenci\u00f3n Ambflex para Dep\u00f3sitos IBC es un producto de excelente calidad que act\u00faa de forma eficaz y segura para evitar fugas o derrames de los m\u00e1s variados tipos de materiales a trav\u00e9s de envases tipo IBC (dep\u00f3sitos de 1000 litros).<\/p>\n<p>El material proporciona un alto control sobre la resistencia qu\u00edmica y tambi\u00e9n ofrece una excepcional movilidad operativa.<\/p>\n<p>Despu\u00e9s de su aplicaci\u00f3n, el envase IBC garantiza una promoci\u00f3n eficaz y tambi\u00e9n ayuda a controlar los da\u00f1os ambientales en caso de posibles fugas o derrames de productos que contengan diversas sustancias qu\u00edmicas y nocivas.<\/p>\n<p>El producto tambi\u00e9n tiene la gran ventaja de tener asas para ayudar a enganchar y conectar la bandeja con el envase IBC.<\/p>\n<p>La bandeja de contenci\u00f3n para IBC tiene un dise\u00f1o ligero y port\u00e1til, lo que facilita su manejo y tambi\u00e9n permite su transporte sin mayores complicaciones.<\/p>\n<p>A pesar del formato ligero, el material tiene alta resistencia qu\u00edmica y mec\u00e1nica. La bandeja de contenci\u00f3n se puede mover junto con la embalaje IBC, no propaga el fuego, previene accidentes laborales y la contaminaci\u00f3n ambiental.<\/p>\n<p>El material de fabricaci\u00f3n de la bandeja de contenci\u00f3n para GRG es polietileno de alta densidad en el tama\u00f1o de 1,5 mm.<\/p>\n","protected":false},"excerpt":{"rendered":"<p>El Bandeja de Contenci\u00f3n Ambflex para Dep\u00f3sitos IBC es un producto de excelente calidad que act\u00faa de forma eficaz y segura para evitar fugas o derrames de los m\u00e1s variados tipos de materiales a trav\u00e9s de envases tipo IBC (dep\u00f3sitos de 1000 litros).<\/p>\n","protected":false},"featured_media":75914,"comment_status":"open","ping_status":"closed","template":"","meta":[],"product_cat":[456],"product_tag":[],"class_list":{"0":"post-80670","1":"product","2":"type-product","3":"status-publish","4":"has-post-thumbnail","6":"product_cat-tanque-ibc-es","8":"first","9":"instock","10":"shipping-taxable","11":"product-type-simple","12":"litho-product-3col"},"yoast_head":"<!-- This site is optimized with the Yoast SEO plugin v25.9 - https:\/\/yoast.com\/wordpress\/plugins\/seo\/ -->\n<title>BANDEJA DE CONTENCI\u00d3N EN PEAD DE 1,5MM PARA 2 IBC\u00b4S - DIMENSIONES L1,40M X C2,70M X A0,30M | CAP CONTENCI\u00d3N 1134L - 403 - Ambflex<\/title>\n<meta name=\"robots\" content=\"index, follow, max-snippet:-1, max-image-preview:large, max-video-preview:-1\" \/>\n<link rel=\"canonical\" href=\"https:\/\/ambflex.com.br\/es\/producto\/bandeja-de-contencion-em-pead-15mm-para-2-ibcs-dimensiones-l140m-x-c270m-x-a030m-cap-contencion-1134l-403\/\" \/>\n<meta property=\"og:locale\" content=\"es_ES\" \/>\n<meta property=\"og:type\" content=\"article\" \/>\n<meta property=\"og:title\" content=\"BANDEJA DE CONTENCI\u00d3N EN PEAD DE 1,5MM PARA 2 IBC\u00b4S - DIMENSIONES L1,40M X C2,70M X A0,30M | CAP CONTENCI\u00d3N 1134L - 403 - Ambflex\" \/>\n<meta property=\"og:description\" content=\"El Bandeja de Contenci\u00f3n Ambflex para Dep\u00f3sitos IBC es un producto de excelente calidad que act\u00faa de forma eficaz y segura para evitar fugas o derrames de los m\u00e1s variados tipos de materiales a trav\u00e9s de envases tipo IBC (dep\u00f3sitos de 1000 litros).\" \/>\n<meta property=\"og:url\" content=\"https:\/\/ambflex.com.br\/es\/producto\/bandeja-de-contencion-em-pead-15mm-para-2-ibcs-dimensiones-l140m-x-c270m-x-a030m-cap-contencion-1134l-403\/\" \/>\n<meta property=\"og:site_name\" content=\"Ambflex\" \/>\n<meta name=\"twitter:card\" content=\"summary_large_image\" \/>\n<meta name=\"twitter:label1\" content=\"Tiempo de lectura\" \/>\n\t<meta name=\"twitter:data1\" content=\"1 minuto\" \/>\n<script type=\"application\/ld+json\" class=\"yoast-schema-graph\">{\"@context\":\"https:\/\/schema.org\",\"@graph\":[{\"@type\":\"WebPage\",\"@id\":\"https:\/\/ambflex.com.br\/es\/producto\/bandeja-de-contencion-em-pead-15mm-para-2-ibcs-dimensiones-l140m-x-c270m-x-a030m-cap-contencion-1134l-403\/\",\"url\":\"https:\/\/ambflex.com.br\/es\/producto\/bandeja-de-contencion-em-pead-15mm-para-2-ibcs-dimensiones-l140m-x-c270m-x-a030m-cap-contencion-1134l-403\/\",\"name\":\"BANDEJA DE CONTENCI\u00d3N EN PEAD DE 1,5MM PARA 2 IBC\u00b4S - DIMENSIONES L1,40M X C2,70M X A0,30M | CAP CONTENCI\u00d3N 1134L - 403 - Ambflex\",\"isPartOf\":{\"@id\":\"https:\/\/ambflex.com.br\/#website\"},\"primaryImageOfPage\":{\"@id\":\"https:\/\/ambflex.com.br\/es\/producto\/bandeja-de-contencion-em-pead-15mm-para-2-ibcs-dimensiones-l140m-x-c270m-x-a030m-cap-contencion-1134l-403\/#primaryimage\"},\"image\":{\"@id\":\"https:\/\/ambflex.com.br\/es\/producto\/bandeja-de-contencion-em-pead-15mm-para-2-ibcs-dimensiones-l140m-x-c270m-x-a030m-cap-contencion-1134l-403\/#primaryimage\"},\"thumbnailUrl\":\"https:\/\/ambflex.com.br\/wp-content\/uploads\/2022\/06\/403-bacia-para-embalagem-ibc.jpeg\",\"datePublished\":\"2022-06-30T07:33:03+00:00\",\"breadcrumb\":{\"@id\":\"https:\/\/ambflex.com.br\/es\/producto\/bandeja-de-contencion-em-pead-15mm-para-2-ibcs-dimensiones-l140m-x-c270m-x-a030m-cap-contencion-1134l-403\/#breadcrumb\"},\"inLanguage\":\"es\",\"potentialAction\":[{\"@type\":\"ReadAction\",\"target\":[\"https:\/\/ambflex.com.br\/es\/producto\/bandeja-de-contencion-em-pead-15mm-para-2-ibcs-dimensiones-l140m-x-c270m-x-a030m-cap-contencion-1134l-403\/\"]}]},{\"@type\":\"ImageObject\",\"inLanguage\":\"es\",\"@id\":\"https:\/\/ambflex.com.br\/es\/producto\/bandeja-de-contencion-em-pead-15mm-para-2-ibcs-dimensiones-l140m-x-c270m-x-a030m-cap-contencion-1134l-403\/#primaryimage\",\"url\":\"https:\/\/ambflex.com.br\/wp-content\/uploads\/2022\/06\/403-bacia-para-embalagem-ibc.jpeg\",\"contentUrl\":\"https:\/\/ambflex.com.br\/wp-content\/uploads\/2022\/06\/403-bacia-para-embalagem-ibc.jpeg\",\"width\":1080,\"height\":1080,\"caption\":\"Bacia de conten\u00e7\u00e3o\"},{\"@type\":\"BreadcrumbList\",\"@id\":\"https:\/\/ambflex.com.br\/es\/producto\/bandeja-de-contencion-em-pead-15mm-para-2-ibcs-dimensiones-l140m-x-c270m-x-a030m-cap-contencion-1134l-403\/#breadcrumb\",\"itemListElement\":[{\"@type\":\"ListItem\",\"position\":1,\"name\":\"In\u00edcio\",\"item\":\"https:\/\/ambflex.com.br\/es\/\"},{\"@type\":\"ListItem\",\"position\":2,\"name\":\"Productos\",\"item\":\"https:\/\/ambflex.com.br\/es\/shop\/\"},{\"@type\":\"ListItem\",\"position\":3,\"name\":\"BANDEJA DE CONTENCI\u00d3N EN PEAD DE 1,5MM PARA 2 IBC\u00b4S &#8211; DIMENSIONES L1,40M X C2,70M X A0,30M | CAP CONTENCI\u00d3N 1134L &#8211; 403\"}]},{\"@type\":\"WebSite\",\"@id\":\"https:\/\/ambflex.com.br\/#website\",\"url\":\"https:\/\/ambflex.com.br\/\",\"name\":\"Ambflex\",\"description\":\"Sistemas de Conten\u00e7\u00e3o Ambiental!\",\"potentialAction\":[{\"@type\":\"SearchAction\",\"target\":{\"@type\":\"EntryPoint\",\"urlTemplate\":\"https:\/\/ambflex.com.br\/?s={search_term_string}\"},\"query-input\":{\"@type\":\"PropertyValueSpecification\",\"valueRequired\":true,\"valueName\":\"search_term_string\"}}],\"inLanguage\":\"es\"}]}<\/script>\n<!-- \/ Yoast SEO plugin. -->","yoast_head_json":{"title":"BANDEJA DE CONTENCI\u00d3N EN PEAD DE 1,5MM PARA 2 IBC\u00b4S - DIMENSIONES L1,40M X C2,70M X A0,30M | CAP CONTENCI\u00d3N 1134L - 403 - Ambflex","robots":{"index":"index","follow":"follow","max-snippet":"max-snippet:-1","max-image-preview":"max-image-preview:large","max-video-preview":"max-video-preview:-1"},"canonical":"https:\/\/ambflex.com.br\/es\/producto\/bandeja-de-contencion-em-pead-15mm-para-2-ibcs-dimensiones-l140m-x-c270m-x-a030m-cap-contencion-1134l-403\/","og_locale":"es_ES","og_type":"article","og_title":"BANDEJA DE CONTENCI\u00d3N EN PEAD DE 1,5MM PARA 2 IBC\u00b4S - DIMENSIONES L1,40M X C2,70M X A0,30M | CAP CONTENCI\u00d3N 1134L - 403 - Ambflex","og_description":"El Bandeja de Contenci\u00f3n Ambflex para Dep\u00f3sitos IBC es un producto de excelente calidad que act\u00faa de forma eficaz y segura para evitar fugas o derrames de los m\u00e1s variados tipos de materiales a trav\u00e9s de envases tipo IBC (dep\u00f3sitos de 1000 litros).","og_url":"https:\/\/ambflex.com.br\/es\/producto\/bandeja-de-contencion-em-pead-15mm-para-2-ibcs-dimensiones-l140m-x-c270m-x-a030m-cap-contencion-1134l-403\/","og_site_name":"Ambflex","twitter_card":"summary_large_image","twitter_misc":{"Tiempo de lectura":"1 minuto"},"schema":{"@context":"https:\/\/schema.org","@graph":[{"@type":"WebPage","@id":"https:\/\/ambflex.com.br\/es\/producto\/bandeja-de-contencion-em-pead-15mm-para-2-ibcs-dimensiones-l140m-x-c270m-x-a030m-cap-contencion-1134l-403\/","url":"https:\/\/ambflex.com.br\/es\/producto\/bandeja-de-contencion-em-pead-15mm-para-2-ibcs-dimensiones-l140m-x-c270m-x-a030m-cap-contencion-1134l-403\/","name":"BANDEJA DE CONTENCI\u00d3N EN PEAD DE 1,5MM PARA 2 IBC\u00b4S - DIMENSIONES L1,40M X C2,70M X A0,30M | CAP CONTENCI\u00d3N 1134L - 403 - Ambflex","isPartOf":{"@id":"https:\/\/ambflex.com.br\/#website"},"primaryImageOfPage":{"@id":"https:\/\/ambflex.com.br\/es\/producto\/bandeja-de-contencion-em-pead-15mm-para-2-ibcs-dimensiones-l140m-x-c270m-x-a030m-cap-contencion-1134l-403\/#primaryimage"},"image":{"@id":"https:\/\/ambflex.com.br\/es\/producto\/bandeja-de-contencion-em-pead-15mm-para-2-ibcs-dimensiones-l140m-x-c270m-x-a030m-cap-contencion-1134l-403\/#primaryimage"},"thumbnailUrl":"https:\/\/ambflex.com.br\/wp-content\/uploads\/2022\/06\/403-bacia-para-embalagem-ibc.jpeg","datePublished":"2022-06-30T07:33:03+00:00","breadcrumb":{"@id":"https:\/\/ambflex.com.br\/es\/producto\/bandeja-de-contencion-em-pead-15mm-para-2-ibcs-dimensiones-l140m-x-c270m-x-a030m-cap-contencion-1134l-403\/#breadcrumb"},"inLanguage":"es","potentialAction":[{"@type":"ReadAction","target":["https:\/\/ambflex.com.br\/es\/producto\/bandeja-de-contencion-em-pead-15mm-para-2-ibcs-dimensiones-l140m-x-c270m-x-a030m-cap-contencion-1134l-403\/"]}]},{"@type":"ImageObject","inLanguage":"es","@id":"https:\/\/ambflex.com.br\/es\/producto\/bandeja-de-contencion-em-pead-15mm-para-2-ibcs-dimensiones-l140m-x-c270m-x-a030m-cap-contencion-1134l-403\/#primaryimage","url":"https:\/\/ambflex.com.br\/wp-content\/uploads\/2022\/06\/403-bacia-para-embalagem-ibc.jpeg","contentUrl":"https:\/\/ambflex.com.br\/wp-content\/uploads\/2022\/06\/403-bacia-para-embalagem-ibc.jpeg","width":1080,"height":1080,"caption":"Bacia de conten\u00e7\u00e3o"},{"@type":"BreadcrumbList","@id":"https:\/\/ambflex.com.br\/es\/producto\/bandeja-de-contencion-em-pead-15mm-para-2-ibcs-dimensiones-l140m-x-c270m-x-a030m-cap-contencion-1134l-403\/#breadcrumb","itemListElement":[{"@type":"ListItem","position":1,"name":"In\u00edcio","item":"https:\/\/ambflex.com.br\/es\/"},{"@type":"ListItem","position":2,"name":"Productos","item":"https:\/\/ambflex.com.br\/es\/shop\/"},{"@type":"ListItem","position":3,"name":"BANDEJA DE CONTENCI\u00d3N EN PEAD DE 1,5MM PARA 2 IBC\u00b4S &#8211; DIMENSIONES L1,40M X C2,70M X A0,30M | CAP CONTENCI\u00d3N 1134L &#8211; 403"}]},{"@type":"WebSite","@id":"https:\/\/ambflex.com.br\/#website","url":"https:\/\/ambflex.com.br\/","name":"Ambflex","description":"Sistemas de Conten\u00e7\u00e3o Ambiental!","potentialAction":[{"@type":"SearchAction","target":{"@type":"EntryPoint","urlTemplate":"https:\/\/ambflex.com.br\/?s={search_term_string}"},"query-input":{"@type":"PropertyValueSpecification","valueRequired":true,"valueName":"search_term_string"}}],"inLanguage":"es"}]}},"_links":{"self":[{"href":"https:\/\/ambflex.com.br\/es\/wp-json\/wp\/v2\/product\/80670","targetHints":{"allow":["GET"]}}],"collection":[{"href":"https:\/\/ambflex.com.br\/es\/wp-json\/wp\/v2\/product"}],"about":[{"href":"https:\/\/ambflex.com.br\/es\/wp-json\/wp\/v2\/types\/product"}],"replies":[{"embeddable":true,"href":"https:\/\/ambflex.com.br\/es\/wp-json\/wp\/v2\/comments?post=80670"}],"wp:featuredmedia":[{"embeddable":true,"href":"https:\/\/ambflex.com.br\/es\/wp-json\/wp\/v2\/media\/75914"}],"wp:attachment":[{"href":"https:\/\/ambflex.com.br\/es\/wp-json\/wp\/v2\/media?parent=80670"}],"wp:term":[{"taxonomy":"product_cat","embeddable":true,"href":"https:\/\/ambflex.com.br\/es\/wp-json\/wp\/v2\/product_cat?post=80670"},{"taxonomy":"product_tag","embeddable":true,"href":"https:\/\/ambflex.com.br\/es\/wp-json\/wp\/v2\/product_tag?post=80670"}],"curies":[{"name":"wp","href":"https:\/\/api.w.org\/{rel}","templated":true}]}}