{"id":80688,"date":"2022-06-30T04:33:01","date_gmt":"2022-06-30T07:33:01","guid":{"rendered":"https:\/\/ambflex.com.br\/product\/bandeja-de-contencion-de-pead-de-15-mm-para-generadores-de-energia-a-medida-301\/"},"modified":"2022-06-30T04:33:01","modified_gmt":"2022-06-30T07:33:01","slug":"bandeja-de-contencion-de-pead-de-15-mm-para-generadores-de-energia-a-medida-301","status":"publish","type":"product","link":"https:\/\/ambflex.com.br\/es\/producto\/bandeja-de-contencion-de-pead-de-15-mm-para-generadores-de-energia-a-medida-301\/","title":{"rendered":"BANDEJA DE CONTENCI\u00d3N DE PEAD DE 1,5 MM PARA GENERADORES DE ENERG\u00cdA &#8211; A MEDIDA &#8211; 301"},"content":{"rendered":"<p>BANDEJA DE CONTENCI\u00d3N DE PEAD DE 1,5 MM PARA GENERADORES DE ENERG\u00cdA &#8211; A MEDIDA<\/p>\n<p>La bandeja de contenci\u00f3n para transformadores fue desarrollada y es fabricada por Ambflex. Se trata de un dispositivo para transformadores de energ\u00eda el\u00e9ctrica port\u00e1tiles o estacionarios, que sean conducidos por combusti\u00f3n.<\/p>\n<p>Este dispositivo ha sido debidamente regulado por las normas de seguridad y control ambiental para prevenir la contaminaci\u00f3n del suelo causada por posibles fugas de l\u00edquidos combustibles utilizados en los generadores de energ\u00eda el\u00e9ctrica port\u00e1tiles o estacionarios.<\/p>\n<p>Con un dise\u00f1o ligero y flexible, el equipo tiene una alta resistencia qu\u00edmica y mec\u00e1nica, lo que permite prevenir incidentes que puedan da\u00f1ar y destruir el medio ambiente. Adem\u00e1s, cumple con las normas de seguridad y control ambiental, y previene que las sustancias contaminen el suelo en caso de vazamientos de los generadores de energ\u00eda el\u00e9ctrica movidos por l\u00edquidos combustibles.<\/p>\n<p>El dispositivo est\u00e1 fabricado con polietileno de alta densidad (1,5 mm), y la flexibilidad del producto permite un montaje y desmontaje r\u00e1pido y f\u00e1cil sobre la superficie donde se encuentre el generador.<\/p>\n<p>Entre los principales aspectos destacados de las valiosas ventajas garantizadas por la calidad de la bandeja de contenci\u00f3n para generadores se encuentra la excelente relaci\u00f3n costo-beneficio. El equipo tambi\u00e9n es resistente a ataques qu\u00edmicos, tiene alta resistencia mec\u00e1nica y a las inclemencias del tiempo.<\/p>\n<p>La bandeja de contenci\u00f3n para generadores cuenta con soportes met\u00e1licos ubicados en el soporte del borde de contenci\u00f3n.<\/p>\n<p>La Ambflex ofrece un servicio a medida, fabricando y personalizando el dispositivo para una mejor adaptaci\u00f3n al proyecto de generaci\u00f3n de energ\u00eda instalado en su empresa o negocio.<\/p>\n<p>Viene con 4 placas de PEAD (interfaz entre la bacia y el generador), 2 alfombras de goma (protecci\u00f3n inferior de la bacia para pisos irregulares) y una caja de accesorios.<\/p>\n<p>1 volume (0,35 x 0,35 x 0,55 m) \/ 1 volume (0,50 x 0,35 x 0,35);<\/p>\n<p>La balsa de contenci\u00f3n para generadores est\u00e1 asistida por apoyos de pl\u00e1stico inyectado ubicados en el soporte del borde de contenci\u00f3n.<\/p>\n<p>Fabricante: Ambflex<\/p>\n<p><a href=\"https:\/\/www.youtube.com\/watch?v=8WbTDIMX9PM\">https:\/\/www.youtube.com\/watch?v=8WbTDIMX9PM<\/a><\/p>\n","protected":false},"excerpt":{"rendered":"<p>La bandeja de contenci\u00f3n para transformadores fue desarrollada y es fabricada por Ambflex. Se trata de un dispositivo para transformadores de energ\u00eda el\u00e9ctrica port\u00e1tiles o estacionarios, que sean conducidos por combusti\u00f3n.<\/p>\n","protected":false},"featured_media":75895,"comment_status":"open","ping_status":"closed","template":"","meta":[],"product_cat":[454,458],"product_tag":[],"class_list":{"0":"post-80688","1":"product","2":"type-product","3":"status-publish","4":"has-post-thumbnail","6":"product_cat-a-medida","7":"product_cat-sector-eletrico","9":"first","10":"instock","11":"shipping-taxable","12":"product-type-simple","13":"litho-product-3col"},"yoast_head":"<!-- This site is optimized with the Yoast SEO plugin v25.9 - https:\/\/yoast.com\/wordpress\/plugins\/seo\/ -->\n<title>BANDEJA DE CONTENCI\u00d3N DE PEAD DE 1,5 MM PARA GENERADORES DE ENERG\u00cdA - A MEDIDA - 301 - Ambflex<\/title>\n<meta name=\"robots\" content=\"index, follow, max-snippet:-1, max-image-preview:large, max-video-preview:-1\" \/>\n<link rel=\"canonical\" href=\"https:\/\/ambflex.com.br\/es\/producto\/bandeja-de-contencion-de-pead-de-15-mm-para-generadores-de-energia-a-medida-301\/\" \/>\n<meta property=\"og:locale\" content=\"es_ES\" \/>\n<meta property=\"og:type\" content=\"article\" \/>\n<meta property=\"og:title\" content=\"BANDEJA DE CONTENCI\u00d3N DE PEAD DE 1,5 MM PARA GENERADORES DE ENERG\u00cdA - A MEDIDA - 301 - Ambflex\" \/>\n<meta property=\"og:description\" content=\"La bandeja de contenci\u00f3n para transformadores fue desarrollada y es fabricada por Ambflex. Se trata de un dispositivo para transformadores de energ\u00eda el\u00e9ctrica port\u00e1tiles o estacionarios, que sean conducidos por combusti\u00f3n.\" \/>\n<meta property=\"og:url\" content=\"https:\/\/ambflex.com.br\/es\/producto\/bandeja-de-contencion-de-pead-de-15-mm-para-generadores-de-energia-a-medida-301\/\" \/>\n<meta property=\"og:site_name\" content=\"Ambflex\" \/>\n<meta property=\"og:image\" content=\"https:\/\/ambflex.com.br\/wp-content\/uploads\/2022\/06\/301-bacia-para-gerador-1.jpeg\" \/>\n\t<meta property=\"og:image:width\" content=\"1080\" \/>\n\t<meta property=\"og:image:height\" content=\"1080\" \/>\n\t<meta property=\"og:image:type\" content=\"image\/jpeg\" \/>\n<meta name=\"twitter:card\" content=\"summary_large_image\" \/>\n<meta name=\"twitter:label1\" content=\"Tiempo de lectura\" \/>\n\t<meta name=\"twitter:data1\" content=\"2 minutos\" \/>\n<script type=\"application\/ld+json\" class=\"yoast-schema-graph\">{\"@context\":\"https:\/\/schema.org\",\"@graph\":[{\"@type\":\"WebPage\",\"@id\":\"https:\/\/ambflex.com.br\/es\/producto\/bandeja-de-contencion-de-pead-de-15-mm-para-generadores-de-energia-a-medida-301\/\",\"url\":\"https:\/\/ambflex.com.br\/es\/producto\/bandeja-de-contencion-de-pead-de-15-mm-para-generadores-de-energia-a-medida-301\/\",\"name\":\"BANDEJA DE CONTENCI\u00d3N DE PEAD DE 1,5 MM PARA GENERADORES DE ENERG\u00cdA - A MEDIDA - 301 - Ambflex\",\"isPartOf\":{\"@id\":\"https:\/\/ambflex.com.br\/#website\"},\"primaryImageOfPage\":{\"@id\":\"https:\/\/ambflex.com.br\/es\/producto\/bandeja-de-contencion-de-pead-de-15-mm-para-generadores-de-energia-a-medida-301\/#primaryimage\"},\"image\":{\"@id\":\"https:\/\/ambflex.com.br\/es\/producto\/bandeja-de-contencion-de-pead-de-15-mm-para-generadores-de-energia-a-medida-301\/#primaryimage\"},\"thumbnailUrl\":\"https:\/\/ambflex.com.br\/wp-content\/uploads\/2022\/06\/301-bacia-para-gerador-1.jpeg\",\"datePublished\":\"2022-06-30T07:33:01+00:00\",\"breadcrumb\":{\"@id\":\"https:\/\/ambflex.com.br\/es\/producto\/bandeja-de-contencion-de-pead-de-15-mm-para-generadores-de-energia-a-medida-301\/#breadcrumb\"},\"inLanguage\":\"es\",\"potentialAction\":[{\"@type\":\"ReadAction\",\"target\":[\"https:\/\/ambflex.com.br\/es\/producto\/bandeja-de-contencion-de-pead-de-15-mm-para-generadores-de-energia-a-medida-301\/\"]}]},{\"@type\":\"ImageObject\",\"inLanguage\":\"es\",\"@id\":\"https:\/\/ambflex.com.br\/es\/producto\/bandeja-de-contencion-de-pead-de-15-mm-para-generadores-de-energia-a-medida-301\/#primaryimage\",\"url\":\"https:\/\/ambflex.com.br\/wp-content\/uploads\/2022\/06\/301-bacia-para-gerador-1.jpeg\",\"contentUrl\":\"https:\/\/ambflex.com.br\/wp-content\/uploads\/2022\/06\/301-bacia-para-gerador-1.jpeg\",\"width\":1080,\"height\":1080,\"caption\":\"Bacia de conten\u00e7\u00e3o\"},{\"@type\":\"BreadcrumbList\",\"@id\":\"https:\/\/ambflex.com.br\/es\/producto\/bandeja-de-contencion-de-pead-de-15-mm-para-generadores-de-energia-a-medida-301\/#breadcrumb\",\"itemListElement\":[{\"@type\":\"ListItem\",\"position\":1,\"name\":\"In\u00edcio\",\"item\":\"https:\/\/ambflex.com.br\/es\/\"},{\"@type\":\"ListItem\",\"position\":2,\"name\":\"Productos\",\"item\":\"https:\/\/ambflex.com.br\/es\/shop\/\"},{\"@type\":\"ListItem\",\"position\":3,\"name\":\"BANDEJA DE CONTENCI\u00d3N DE PEAD DE 1,5 MM PARA GENERADORES DE ENERG\u00cdA &#8211; A MEDIDA &#8211; 301\"}]},{\"@type\":\"WebSite\",\"@id\":\"https:\/\/ambflex.com.br\/#website\",\"url\":\"https:\/\/ambflex.com.br\/\",\"name\":\"Ambflex\",\"description\":\"Sistemas de Conten\u00e7\u00e3o Ambiental!\",\"potentialAction\":[{\"@type\":\"SearchAction\",\"target\":{\"@type\":\"EntryPoint\",\"urlTemplate\":\"https:\/\/ambflex.com.br\/?s={search_term_string}\"},\"query-input\":{\"@type\":\"PropertyValueSpecification\",\"valueRequired\":true,\"valueName\":\"search_term_string\"}}],\"inLanguage\":\"es\"}]}<\/script>\n<!-- \/ Yoast SEO plugin. -->","yoast_head_json":{"title":"BANDEJA DE CONTENCI\u00d3N DE PEAD DE 1,5 MM PARA GENERADORES DE ENERG\u00cdA - A MEDIDA - 301 - Ambflex","robots":{"index":"index","follow":"follow","max-snippet":"max-snippet:-1","max-image-preview":"max-image-preview:large","max-video-preview":"max-video-preview:-1"},"canonical":"https:\/\/ambflex.com.br\/es\/producto\/bandeja-de-contencion-de-pead-de-15-mm-para-generadores-de-energia-a-medida-301\/","og_locale":"es_ES","og_type":"article","og_title":"BANDEJA DE CONTENCI\u00d3N DE PEAD DE 1,5 MM PARA GENERADORES DE ENERG\u00cdA - A MEDIDA - 301 - Ambflex","og_description":"La bandeja de contenci\u00f3n para transformadores fue desarrollada y es fabricada por Ambflex. Se trata de un dispositivo para transformadores de energ\u00eda el\u00e9ctrica port\u00e1tiles o estacionarios, que sean conducidos por combusti\u00f3n.","og_url":"https:\/\/ambflex.com.br\/es\/producto\/bandeja-de-contencion-de-pead-de-15-mm-para-generadores-de-energia-a-medida-301\/","og_site_name":"Ambflex","og_image":[{"width":1080,"height":1080,"url":"https:\/\/ambflex.com.br\/wp-content\/uploads\/2022\/06\/301-bacia-para-gerador-1.jpeg","type":"image\/jpeg"}],"twitter_card":"summary_large_image","twitter_misc":{"Tiempo de lectura":"2 minutos"},"schema":{"@context":"https:\/\/schema.org","@graph":[{"@type":"WebPage","@id":"https:\/\/ambflex.com.br\/es\/producto\/bandeja-de-contencion-de-pead-de-15-mm-para-generadores-de-energia-a-medida-301\/","url":"https:\/\/ambflex.com.br\/es\/producto\/bandeja-de-contencion-de-pead-de-15-mm-para-generadores-de-energia-a-medida-301\/","name":"BANDEJA DE CONTENCI\u00d3N DE PEAD DE 1,5 MM PARA GENERADORES DE ENERG\u00cdA - A MEDIDA - 301 - Ambflex","isPartOf":{"@id":"https:\/\/ambflex.com.br\/#website"},"primaryImageOfPage":{"@id":"https:\/\/ambflex.com.br\/es\/producto\/bandeja-de-contencion-de-pead-de-15-mm-para-generadores-de-energia-a-medida-301\/#primaryimage"},"image":{"@id":"https:\/\/ambflex.com.br\/es\/producto\/bandeja-de-contencion-de-pead-de-15-mm-para-generadores-de-energia-a-medida-301\/#primaryimage"},"thumbnailUrl":"https:\/\/ambflex.com.br\/wp-content\/uploads\/2022\/06\/301-bacia-para-gerador-1.jpeg","datePublished":"2022-06-30T07:33:01+00:00","breadcrumb":{"@id":"https:\/\/ambflex.com.br\/es\/producto\/bandeja-de-contencion-de-pead-de-15-mm-para-generadores-de-energia-a-medida-301\/#breadcrumb"},"inLanguage":"es","potentialAction":[{"@type":"ReadAction","target":["https:\/\/ambflex.com.br\/es\/producto\/bandeja-de-contencion-de-pead-de-15-mm-para-generadores-de-energia-a-medida-301\/"]}]},{"@type":"ImageObject","inLanguage":"es","@id":"https:\/\/ambflex.com.br\/es\/producto\/bandeja-de-contencion-de-pead-de-15-mm-para-generadores-de-energia-a-medida-301\/#primaryimage","url":"https:\/\/ambflex.com.br\/wp-content\/uploads\/2022\/06\/301-bacia-para-gerador-1.jpeg","contentUrl":"https:\/\/ambflex.com.br\/wp-content\/uploads\/2022\/06\/301-bacia-para-gerador-1.jpeg","width":1080,"height":1080,"caption":"Bacia de conten\u00e7\u00e3o"},{"@type":"BreadcrumbList","@id":"https:\/\/ambflex.com.br\/es\/producto\/bandeja-de-contencion-de-pead-de-15-mm-para-generadores-de-energia-a-medida-301\/#breadcrumb","itemListElement":[{"@type":"ListItem","position":1,"name":"In\u00edcio","item":"https:\/\/ambflex.com.br\/es\/"},{"@type":"ListItem","position":2,"name":"Productos","item":"https:\/\/ambflex.com.br\/es\/shop\/"},{"@type":"ListItem","position":3,"name":"BANDEJA DE CONTENCI\u00d3N DE PEAD DE 1,5 MM PARA GENERADORES DE ENERG\u00cdA &#8211; A MEDIDA &#8211; 301"}]},{"@type":"WebSite","@id":"https:\/\/ambflex.com.br\/#website","url":"https:\/\/ambflex.com.br\/","name":"Ambflex","description":"Sistemas de Conten\u00e7\u00e3o Ambiental!","potentialAction":[{"@type":"SearchAction","target":{"@type":"EntryPoint","urlTemplate":"https:\/\/ambflex.com.br\/?s={search_term_string}"},"query-input":{"@type":"PropertyValueSpecification","valueRequired":true,"valueName":"search_term_string"}}],"inLanguage":"es"}]}},"_links":{"self":[{"href":"https:\/\/ambflex.com.br\/es\/wp-json\/wp\/v2\/product\/80688","targetHints":{"allow":["GET"]}}],"collection":[{"href":"https:\/\/ambflex.com.br\/es\/wp-json\/wp\/v2\/product"}],"about":[{"href":"https:\/\/ambflex.com.br\/es\/wp-json\/wp\/v2\/types\/product"}],"replies":[{"embeddable":true,"href":"https:\/\/ambflex.com.br\/es\/wp-json\/wp\/v2\/comments?post=80688"}],"wp:featuredmedia":[{"embeddable":true,"href":"https:\/\/ambflex.com.br\/es\/wp-json\/wp\/v2\/media\/75895"}],"wp:attachment":[{"href":"https:\/\/ambflex.com.br\/es\/wp-json\/wp\/v2\/media?parent=80688"}],"wp:term":[{"taxonomy":"product_cat","embeddable":true,"href":"https:\/\/ambflex.com.br\/es\/wp-json\/wp\/v2\/product_cat?post=80688"},{"taxonomy":"product_tag","embeddable":true,"href":"https:\/\/ambflex.com.br\/es\/wp-json\/wp\/v2\/product_tag?post=80688"}],"curies":[{"name":"wp","href":"https:\/\/api.w.org\/{rel}","templated":true}]}}