{"id":80785,"date":"2022-06-30T04:33:00","date_gmt":"2022-06-30T07:33:00","guid":{"rendered":"https:\/\/ambflex.com.br\/product\/bandeja-de-contencion-em-pead-15mm-para-1-estrado-interno-dimensiones-l105m-x-c125m-x-a015m-capacidad-contencion-197l-104\/"},"modified":"2022-06-30T04:33:00","modified_gmt":"2022-06-30T07:33:00","slug":"bandeja-de-contencion-em-pead-15mm-para-1-estrado-interno-dimensiones-l105m-x-c125m-x-a015m-capacidad-contencion-197l-104","status":"publish","type":"product","link":"https:\/\/ambflex.com.br\/es\/producto\/bandeja-de-contencion-em-pead-15mm-para-1-estrado-interno-dimensiones-l105m-x-c125m-x-a015m-capacidad-contencion-197l-104\/","title":{"rendered":"BANDEJA DE CONTENCI\u00d3N EM PEAD 1,5MM PARA 1 ESTRADO INTERNO &#8211; DIMENSIONES L1,05M X C1,25M X A0,15M | CAP CONTENCI\u00d3N 197L &#8211; 104"},"content":{"rendered":"<p>BANDEJA DE CONTENCI\u00d3N EM PEAD 1,5MM PARA 1 ESTRADO INTERNO &#8211; DIMENSIONES L1,05M X C1,25M X A0,15M | CAP CONTENCI\u00d3N 197 LITROS (S\/ ESTRADO)<\/p>\n<p>La <strong>Bandeja de Contenci\u00f3n para Palets<\/strong> producida y fabricada por <strong>Ambflex<\/strong> impide que l\u00edquidos peligrosos, qu\u00edmicos o inflamables que se almacenan en palets contaminen el medio ambiente y presenta la mejor relaci\u00f3n costo-beneficio del mercado brasile\u00f1o.<\/p>\n<p>Es un producto que proporciona una facilidad extrema para el transporte y que ayuda a evitar las ocurrencias de accidentes laborales y, consecuentemente, la degradaci\u00f3n del medio ambiente y los perjuicios financieros con la p\u00e9rdida de productos.<\/p>\n<p>El dispositivo de contenci\u00f3n para pallets, adem\u00e1s de ser ligero y completamente port\u00e1til, tambi\u00e9n permite realizar, entre otras acciones, el transporte y la manipulaci\u00f3n del material del pallet junto con la bacia de contenci\u00f3n.<\/p>\n<p>El equipo fue desarrollado para agregar una plataforma de retenci\u00f3n y cumplir con todos los requisitos de seguridad en el sitio y \u00e1rea de trabajo, y combatir eficientemente las fugas o derrames en beneficio de la preservaci\u00f3n ambiental.<\/p>\n<p>Otra gran ventaja que merece destacarse es la alta resistencia tanto en el aspecto qu\u00edmico como en el \u00e1rea mec\u00e1nica agregada al producto.<\/p>\n<p>El costo-beneficio ofrecido por el producto est\u00e1 garantizado por tratarse de un material ecol\u00f3gicamente sostenible.<\/p>\n<p>La bandeja de contenci\u00f3n para pallets tambi\u00e9n ofrece otros beneficios, como la facilidad de limpieza y una vida \u00fatil excelente.<\/p>\n<ul>\n<li>Producto no incluye plataforma.<\/li>\n<\/ul>\n<p>&nbsp;<\/p>\n","protected":false},"excerpt":{"rendered":"<p>Es un producto que proporciona una facilidad extrema para el transporte y que ayuda a evitar las ocurrencias de accidentes laborales y, consecuentemente, la degradaci\u00f3n del medio ambiente y los perjuicios financieros con la p\u00e9rdida de productos.<\/p>\n","protected":false},"featured_media":75879,"comment_status":"open","ping_status":"closed","template":"","meta":[],"product_cat":[442,446],"product_tag":[],"class_list":{"0":"post-80785","1":"product","2":"type-product","3":"status-publish","4":"has-post-thumbnail","6":"product_cat-industrial-en","7":"product_cat-small-size","9":"first","10":"instock","11":"shipping-taxable","12":"product-type-simple","13":"litho-product-3col"},"yoast_head":"<!-- This site is optimized with the Yoast SEO plugin v25.9 - https:\/\/yoast.com\/wordpress\/plugins\/seo\/ -->\n<title>BANDEJA DE CONTENCI\u00d3N EM PEAD 1,5MM PARA 1 ESTRADO INTERNO - DIMENSIONES L1,05M X C1,25M X A0,15M | CAP CONTENCI\u00d3N 197L - 104 - Ambflex<\/title>\n<meta name=\"robots\" content=\"index, follow, max-snippet:-1, max-image-preview:large, max-video-preview:-1\" \/>\n<link rel=\"canonical\" href=\"https:\/\/ambflex.com.br\/es\/producto\/bandeja-de-contencion-em-pead-15mm-para-1-estrado-interno-dimensiones-l105m-x-c125m-x-a015m-capacidad-contencion-197l-104\/\" \/>\n<meta property=\"og:locale\" content=\"es_ES\" \/>\n<meta property=\"og:type\" content=\"article\" \/>\n<meta property=\"og:title\" content=\"BANDEJA DE CONTENCI\u00d3N EM PEAD 1,5MM PARA 1 ESTRADO INTERNO - DIMENSIONES L1,05M X C1,25M X A0,15M | CAP CONTENCI\u00d3N 197L - 104 - Ambflex\" \/>\n<meta property=\"og:description\" content=\"Es un producto que proporciona una facilidad extrema para el transporte y que ayuda a evitar las ocurrencias de accidentes laborales y, consecuentemente, la degradaci\u00f3n del medio ambiente y los perjuicios financieros con la p\u00e9rdida de productos.\" \/>\n<meta property=\"og:url\" content=\"https:\/\/ambflex.com.br\/es\/producto\/bandeja-de-contencion-em-pead-15mm-para-1-estrado-interno-dimensiones-l105m-x-c125m-x-a015m-capacidad-contencion-197l-104\/\" \/>\n<meta property=\"og:site_name\" content=\"Ambflex\" \/>\n<meta property=\"og:image\" content=\"https:\/\/ambflex.com.br\/wp-content\/uploads\/2022\/06\/104-bacia-de-contencao.jpeg\" \/>\n\t<meta property=\"og:image:width\" content=\"1080\" \/>\n\t<meta property=\"og:image:height\" content=\"1080\" \/>\n\t<meta property=\"og:image:type\" content=\"image\/jpeg\" \/>\n<meta name=\"twitter:card\" content=\"summary_large_image\" \/>\n<meta name=\"twitter:label1\" content=\"Tiempo de lectura\" \/>\n\t<meta name=\"twitter:data1\" content=\"1 minuto\" \/>\n<script type=\"application\/ld+json\" class=\"yoast-schema-graph\">{\"@context\":\"https:\/\/schema.org\",\"@graph\":[{\"@type\":\"WebPage\",\"@id\":\"https:\/\/ambflex.com.br\/es\/producto\/bandeja-de-contencion-em-pead-15mm-para-1-estrado-interno-dimensiones-l105m-x-c125m-x-a015m-capacidad-contencion-197l-104\/\",\"url\":\"https:\/\/ambflex.com.br\/es\/producto\/bandeja-de-contencion-em-pead-15mm-para-1-estrado-interno-dimensiones-l105m-x-c125m-x-a015m-capacidad-contencion-197l-104\/\",\"name\":\"BANDEJA DE CONTENCI\u00d3N EM PEAD 1,5MM PARA 1 ESTRADO INTERNO - DIMENSIONES L1,05M X C1,25M X A0,15M | CAP CONTENCI\u00d3N 197L - 104 - Ambflex\",\"isPartOf\":{\"@id\":\"https:\/\/ambflex.com.br\/#website\"},\"primaryImageOfPage\":{\"@id\":\"https:\/\/ambflex.com.br\/es\/producto\/bandeja-de-contencion-em-pead-15mm-para-1-estrado-interno-dimensiones-l105m-x-c125m-x-a015m-capacidad-contencion-197l-104\/#primaryimage\"},\"image\":{\"@id\":\"https:\/\/ambflex.com.br\/es\/producto\/bandeja-de-contencion-em-pead-15mm-para-1-estrado-interno-dimensiones-l105m-x-c125m-x-a015m-capacidad-contencion-197l-104\/#primaryimage\"},\"thumbnailUrl\":\"https:\/\/ambflex.com.br\/wp-content\/uploads\/2022\/06\/104-bacia-de-contencao.jpeg\",\"datePublished\":\"2022-06-30T07:33:00+00:00\",\"breadcrumb\":{\"@id\":\"https:\/\/ambflex.com.br\/es\/producto\/bandeja-de-contencion-em-pead-15mm-para-1-estrado-interno-dimensiones-l105m-x-c125m-x-a015m-capacidad-contencion-197l-104\/#breadcrumb\"},\"inLanguage\":\"es\",\"potentialAction\":[{\"@type\":\"ReadAction\",\"target\":[\"https:\/\/ambflex.com.br\/es\/producto\/bandeja-de-contencion-em-pead-15mm-para-1-estrado-interno-dimensiones-l105m-x-c125m-x-a015m-capacidad-contencion-197l-104\/\"]}]},{\"@type\":\"ImageObject\",\"inLanguage\":\"es\",\"@id\":\"https:\/\/ambflex.com.br\/es\/producto\/bandeja-de-contencion-em-pead-15mm-para-1-estrado-interno-dimensiones-l105m-x-c125m-x-a015m-capacidad-contencion-197l-104\/#primaryimage\",\"url\":\"https:\/\/ambflex.com.br\/wp-content\/uploads\/2022\/06\/104-bacia-de-contencao.jpeg\",\"contentUrl\":\"https:\/\/ambflex.com.br\/wp-content\/uploads\/2022\/06\/104-bacia-de-contencao.jpeg\",\"width\":1080,\"height\":1080,\"caption\":\"Bacia de conten\u00e7\u00e3o\"},{\"@type\":\"BreadcrumbList\",\"@id\":\"https:\/\/ambflex.com.br\/es\/producto\/bandeja-de-contencion-em-pead-15mm-para-1-estrado-interno-dimensiones-l105m-x-c125m-x-a015m-capacidad-contencion-197l-104\/#breadcrumb\",\"itemListElement\":[{\"@type\":\"ListItem\",\"position\":1,\"name\":\"In\u00edcio\",\"item\":\"https:\/\/ambflex.com.br\/es\/\"},{\"@type\":\"ListItem\",\"position\":2,\"name\":\"Productos\",\"item\":\"https:\/\/ambflex.com.br\/es\/shop\/\"},{\"@type\":\"ListItem\",\"position\":3,\"name\":\"BANDEJA DE CONTENCI\u00d3N EM PEAD 1,5MM PARA 1 ESTRADO INTERNO &#8211; DIMENSIONES L1,05M X C1,25M X A0,15M | CAP CONTENCI\u00d3N 197L &#8211; 104\"}]},{\"@type\":\"WebSite\",\"@id\":\"https:\/\/ambflex.com.br\/#website\",\"url\":\"https:\/\/ambflex.com.br\/\",\"name\":\"Ambflex\",\"description\":\"Sistemas de Conten\u00e7\u00e3o Ambiental!\",\"potentialAction\":[{\"@type\":\"SearchAction\",\"target\":{\"@type\":\"EntryPoint\",\"urlTemplate\":\"https:\/\/ambflex.com.br\/?s={search_term_string}\"},\"query-input\":{\"@type\":\"PropertyValueSpecification\",\"valueRequired\":true,\"valueName\":\"search_term_string\"}}],\"inLanguage\":\"es\"}]}<\/script>\n<!-- \/ Yoast SEO plugin. -->","yoast_head_json":{"title":"BANDEJA DE CONTENCI\u00d3N EM PEAD 1,5MM PARA 1 ESTRADO INTERNO - DIMENSIONES L1,05M X C1,25M X A0,15M | CAP CONTENCI\u00d3N 197L - 104 - Ambflex","robots":{"index":"index","follow":"follow","max-snippet":"max-snippet:-1","max-image-preview":"max-image-preview:large","max-video-preview":"max-video-preview:-1"},"canonical":"https:\/\/ambflex.com.br\/es\/producto\/bandeja-de-contencion-em-pead-15mm-para-1-estrado-interno-dimensiones-l105m-x-c125m-x-a015m-capacidad-contencion-197l-104\/","og_locale":"es_ES","og_type":"article","og_title":"BANDEJA DE CONTENCI\u00d3N EM PEAD 1,5MM PARA 1 ESTRADO INTERNO - DIMENSIONES L1,05M X C1,25M X A0,15M | CAP CONTENCI\u00d3N 197L - 104 - Ambflex","og_description":"Es un producto que proporciona una facilidad extrema para el transporte y que ayuda a evitar las ocurrencias de accidentes laborales y, consecuentemente, la degradaci\u00f3n del medio ambiente y los perjuicios financieros con la p\u00e9rdida de productos.","og_url":"https:\/\/ambflex.com.br\/es\/producto\/bandeja-de-contencion-em-pead-15mm-para-1-estrado-interno-dimensiones-l105m-x-c125m-x-a015m-capacidad-contencion-197l-104\/","og_site_name":"Ambflex","og_image":[{"width":1080,"height":1080,"url":"https:\/\/ambflex.com.br\/wp-content\/uploads\/2022\/06\/104-bacia-de-contencao.jpeg","type":"image\/jpeg"}],"twitter_card":"summary_large_image","twitter_misc":{"Tiempo de lectura":"1 minuto"},"schema":{"@context":"https:\/\/schema.org","@graph":[{"@type":"WebPage","@id":"https:\/\/ambflex.com.br\/es\/producto\/bandeja-de-contencion-em-pead-15mm-para-1-estrado-interno-dimensiones-l105m-x-c125m-x-a015m-capacidad-contencion-197l-104\/","url":"https:\/\/ambflex.com.br\/es\/producto\/bandeja-de-contencion-em-pead-15mm-para-1-estrado-interno-dimensiones-l105m-x-c125m-x-a015m-capacidad-contencion-197l-104\/","name":"BANDEJA DE CONTENCI\u00d3N EM PEAD 1,5MM PARA 1 ESTRADO INTERNO - DIMENSIONES L1,05M X C1,25M X A0,15M | CAP CONTENCI\u00d3N 197L - 104 - Ambflex","isPartOf":{"@id":"https:\/\/ambflex.com.br\/#website"},"primaryImageOfPage":{"@id":"https:\/\/ambflex.com.br\/es\/producto\/bandeja-de-contencion-em-pead-15mm-para-1-estrado-interno-dimensiones-l105m-x-c125m-x-a015m-capacidad-contencion-197l-104\/#primaryimage"},"image":{"@id":"https:\/\/ambflex.com.br\/es\/producto\/bandeja-de-contencion-em-pead-15mm-para-1-estrado-interno-dimensiones-l105m-x-c125m-x-a015m-capacidad-contencion-197l-104\/#primaryimage"},"thumbnailUrl":"https:\/\/ambflex.com.br\/wp-content\/uploads\/2022\/06\/104-bacia-de-contencao.jpeg","datePublished":"2022-06-30T07:33:00+00:00","breadcrumb":{"@id":"https:\/\/ambflex.com.br\/es\/producto\/bandeja-de-contencion-em-pead-15mm-para-1-estrado-interno-dimensiones-l105m-x-c125m-x-a015m-capacidad-contencion-197l-104\/#breadcrumb"},"inLanguage":"es","potentialAction":[{"@type":"ReadAction","target":["https:\/\/ambflex.com.br\/es\/producto\/bandeja-de-contencion-em-pead-15mm-para-1-estrado-interno-dimensiones-l105m-x-c125m-x-a015m-capacidad-contencion-197l-104\/"]}]},{"@type":"ImageObject","inLanguage":"es","@id":"https:\/\/ambflex.com.br\/es\/producto\/bandeja-de-contencion-em-pead-15mm-para-1-estrado-interno-dimensiones-l105m-x-c125m-x-a015m-capacidad-contencion-197l-104\/#primaryimage","url":"https:\/\/ambflex.com.br\/wp-content\/uploads\/2022\/06\/104-bacia-de-contencao.jpeg","contentUrl":"https:\/\/ambflex.com.br\/wp-content\/uploads\/2022\/06\/104-bacia-de-contencao.jpeg","width":1080,"height":1080,"caption":"Bacia de conten\u00e7\u00e3o"},{"@type":"BreadcrumbList","@id":"https:\/\/ambflex.com.br\/es\/producto\/bandeja-de-contencion-em-pead-15mm-para-1-estrado-interno-dimensiones-l105m-x-c125m-x-a015m-capacidad-contencion-197l-104\/#breadcrumb","itemListElement":[{"@type":"ListItem","position":1,"name":"In\u00edcio","item":"https:\/\/ambflex.com.br\/es\/"},{"@type":"ListItem","position":2,"name":"Productos","item":"https:\/\/ambflex.com.br\/es\/shop\/"},{"@type":"ListItem","position":3,"name":"BANDEJA DE CONTENCI\u00d3N EM PEAD 1,5MM PARA 1 ESTRADO INTERNO &#8211; DIMENSIONES L1,05M X C1,25M X A0,15M | CAP CONTENCI\u00d3N 197L &#8211; 104"}]},{"@type":"WebSite","@id":"https:\/\/ambflex.com.br\/#website","url":"https:\/\/ambflex.com.br\/","name":"Ambflex","description":"Sistemas de Conten\u00e7\u00e3o Ambiental!","potentialAction":[{"@type":"SearchAction","target":{"@type":"EntryPoint","urlTemplate":"https:\/\/ambflex.com.br\/?s={search_term_string}"},"query-input":{"@type":"PropertyValueSpecification","valueRequired":true,"valueName":"search_term_string"}}],"inLanguage":"es"}]}},"_links":{"self":[{"href":"https:\/\/ambflex.com.br\/es\/wp-json\/wp\/v2\/product\/80785","targetHints":{"allow":["GET"]}}],"collection":[{"href":"https:\/\/ambflex.com.br\/es\/wp-json\/wp\/v2\/product"}],"about":[{"href":"https:\/\/ambflex.com.br\/es\/wp-json\/wp\/v2\/types\/product"}],"replies":[{"embeddable":true,"href":"https:\/\/ambflex.com.br\/es\/wp-json\/wp\/v2\/comments?post=80785"}],"wp:featuredmedia":[{"embeddable":true,"href":"https:\/\/ambflex.com.br\/es\/wp-json\/wp\/v2\/media\/75879"}],"wp:attachment":[{"href":"https:\/\/ambflex.com.br\/es\/wp-json\/wp\/v2\/media?parent=80785"}],"wp:term":[{"taxonomy":"product_cat","embeddable":true,"href":"https:\/\/ambflex.com.br\/es\/wp-json\/wp\/v2\/product_cat?post=80785"},{"taxonomy":"product_tag","embeddable":true,"href":"https:\/\/ambflex.com.br\/es\/wp-json\/wp\/v2\/product_tag?post=80785"}],"curies":[{"name":"wp","href":"https:\/\/api.w.org\/{rel}","templated":true}]}}